{"id":152,"date":"2023-08-19T21:36:40","date_gmt":"2023-08-19T19:36:40","guid":{"rendered":"https:\/\/easeapps.xyz\/es\/?page_id=152"},"modified":"2023-08-21T17:17:55","modified_gmt":"2023-08-21T15:17:55","slug":"nosotros","status":"publish","type":"page","link":"https:\/\/easeapps.xyz\/es\/nosotros\/","title":{"rendered":"Acerca de"},"content":{"rendered":"\n<div class=\"wp-block-group alignfull has-base-color has-primary-background-color has-text-color has-background has-global-padding is-layout-constrained wp-container-core-group-is-layout-f5050a02 wp-block-group-is-layout-constrained\" style=\"margin-top:0;margin-bottom:0;padding-top:var(--wp--preset--spacing--xx-large);padding-right:var(--wp--preset--spacing--medium);padding-bottom:var(--wp--preset--spacing--xx-large);padding-left:var(--wp--preset--spacing--medium)\">\n<div class=\"wp-block-group alignwide is-vertical is-content-justification-center is-layout-flex wp-container-core-group-is-layout-ce155fab wp-block-group-is-layout-flex\">\n<div class=\"wp-block-group has-global-padding is-layout-constrained wp-container-core-group-is-layout-f5f3bcb8 wp-block-group-is-layout-constrained\">\n<h1 class=\"wp-block-heading has-text-align-center\">Acerca de Ease Apps<\/h1>\n\n\n\n<p>Ease Apps naci\u00f3 para dar respuesta a las carencias en accesibilidad f\u00edsica de los dispositivos m\u00f3viles, los tambi\u00e9n llamados tel\u00e9fonos inteligentes y tablets.<\/p>\n\n\n\n<p>Nuestro objetivo es crear soluciones, en forma de aplicaciones, que permitan o mejoren el acceso a estos dispositivos m\u00f3viles para todas aquellas personas que lo necesiten.<\/p>\n\n\n\n<p>Si t\u00fa o alguien que conoces tiene dificultades o no puede usar la pantalla t\u00e1ctil del smartphone de forma convencional, probablemente podemos ayudarte.<\/p>\n<\/div>\n<\/div>\n<\/div>\n\n\n\n<div class=\"wp-block-group alignfull has-tertiary-background-color has-background has-global-padding is-layout-constrained wp-container-core-group-is-layout-f7d72107 wp-block-group-is-layout-constrained\" style=\"margin-top:0px;margin-bottom:0px;padding-top:var(--wp--preset--spacing--xxx-large);padding-right:var(--wp--preset--spacing--medium);padding-bottom:var(--wp--preset--spacing--xxx-large);padding-left:var(--wp--preset--spacing--medium)\">\n<div class=\"wp-block-group is-layout-flow wp-container-core-group-is-layout-c7b3064f wp-block-group-is-layout-flow\">\n<p class=\"has-text-align-center has-primary-color has-text-color has-small-font-size\" style=\"font-style:normal;font-weight:500\">Con\u00f3cenos<\/p>\n\n\n\n<h2 class=\"wp-block-heading has-text-align-center\">\u00bfQui\u00e9n est\u00e1 detr\u00e1s?<\/h2>\n\n\n\n<p>Somos C\u00e9sar y \u00c1ngel. Ambos formados como&nbsp;<strong>ingenieros<\/strong>&nbsp;y con m\u00e1s de&nbsp;<strong>15 a\u00f1os de experiencia creando y adaptando soluciones para mejorar el acceso a la tecnolog\u00eda<\/strong>.&nbsp;<\/p>\n\n\n\n<p>Llevamos colaborando juntos m\u00e1s de una d\u00e9cada en proyectos relacionados con las personas con par\u00e1lisis cerebral y el acceso a la tecnolog\u00eda, y especialmente la tecnolog\u00eda mov\u00edl. Es precisamente&nbsp;<strong>esta experiencia la que nos ha empujado a crear Ease Apps<\/strong>.&nbsp;<\/p>\n\n\n\n<p>En un d\u00eda cualquiera, \u00c1ngel se dedica a asesorar a personas con discapacidad en la&nbsp;<a href=\"http:\/\/aspace.cat\/\">Fundaci\u00f3 ASPACE Catalunya<\/a>&nbsp;y C\u00e9sar se centra en el desarrollo de software. Esta&nbsp;<strong>proximidad entre el trabajo con las personas y el desarrollo<\/strong>&nbsp;nos ayuda poner a prueba continuamente nuestros productos y a incorporar mejoras que realmente aportan valor.<\/p>\n\n\n\n<p>Estamos ubicados en Tarragona y Barcelona (Espa\u00f1a) y, si quieres, puedes conocer un poco m\u00e1s sobre&nbsp;<a href=\"https:\/\/easeapps.xyz\/es\/blog\/107-como-nace-el-proyecto-ease-apps\/\">c\u00f3mo nace el proyecto Ease Apps<\/a>.<\/p>\n<\/div>\n\n\n\n<div class=\"wp-block-columns alignwide is-layout-flex wp-container-core-columns-is-layout-28f84493 wp-block-columns-is-layout-flex\">\n<div class=\"wp-block-column is-layout-flow wp-block-column-is-layout-flow\">\n<div class=\"wp-block-cover is-light has-custom-content-position is-position-bottom-center is-style-rounded-cover\" style=\"min-height:500px;aspect-ratio:unset;\"><span aria-hidden=\"true\" class=\"wp-block-cover__background has-main-background-color has-background-dim\"><\/span><img decoding=\"async\" class=\"wp-block-cover__image-background wp-image-530\" alt=\"\" src=\"https:\/\/easeapps.xyz\/wp-content\/uploads\/sites\/2\/cesar.jpg\" style=\"object-position:48% 94%\" data-object-fit=\"cover\" data-object-position=\"48% 94%\"\/><div class=\"wp-block-cover__inner-container is-layout-flow wp-block-cover-is-layout-flow\">\n<div class=\"wp-block-group has-global-padding is-layout-constrained wp-container-core-group-is-layout-f5f3bcb8 wp-block-group-is-layout-constrained\">\n<div class=\"wp-block-group is-vertical is-content-justification-center is-layout-flex wp-container-core-group-is-layout-2a94717e wp-block-group-is-layout-flex\">\n<h4 class=\"wp-block-heading has-text-align-center has-base-color has-text-color\">C\u00e9sar Mauri<\/h4>\n\n\n\n<p class=\"has-text-align-center has-tertiary-color has-text-color has-small-font-size\">Desarrollando soluciones centradas en las personas<\/p>\n<\/div>\n\n\n\n<ul class=\"wp-block-social-links aligncenter has-icon-color is-style-logos-only is-content-justification-center is-layout-flex wp-container-core-social-links-is-layout-7583787f wp-block-social-links-is-layout-flex\"><li style=\"color: #fff; \" class=\"wp-social-link wp-social-link-chain has-base-color wp-block-social-link\"><a href=\"https:\/\/cesarmauri.com\/\" class=\"wp-block-social-link-anchor\"><svg width=\"24\" height=\"24\" viewBox=\"0 0 24 24\" version=\"1.1\" xmlns=\"http:\/\/www.w3.org\/2000\/svg\" aria-hidden=\"true\" focusable=\"false\"><path d=\"M15.6,7.2H14v1.5h1.6c2,0,3.7,1.7,3.7,3.7s-1.7,3.7-3.7,3.7H14v1.5h1.6c2.8,0,5.2-2.3,5.2-5.2,0-2.9-2.3-5.2-5.2-5.2zM4.7,12.4c0-2,1.7-3.7,3.7-3.7H10V7.2H8.4c-2.9,0-5.2,2.3-5.2,5.2,0,2.9,2.3,5.2,5.2,5.2H10v-1.5H8.4c-2,0-3.7-1.7-3.7-3.7zm4.6.9h5.3v-1.5H9.3v1.5z\"><\/path><\/svg><span class=\"wp-block-social-link-label screen-reader-text\">Link<\/span><\/a><\/li>\n\n<li style=\"color: #fff; \" class=\"wp-social-link wp-social-link-linkedin has-base-color wp-block-social-link\"><a href=\"https:\/\/www.linkedin.com\/in\/cesarmauri\/\" class=\"wp-block-social-link-anchor\"><svg width=\"24\" height=\"24\" viewBox=\"0 0 24 24\" version=\"1.1\" xmlns=\"http:\/\/www.w3.org\/2000\/svg\" aria-hidden=\"true\" focusable=\"false\"><path d=\"M19.7,3H4.3C3.582,3,3,3.582,3,4.3v15.4C3,20.418,3.582,21,4.3,21h15.4c0.718,0,1.3-0.582,1.3-1.3V4.3 C21,3.582,20.418,3,19.7,3z M8.339,18.338H5.667v-8.59h2.672V18.338z M7.004,8.574c-0.857,0-1.549-0.694-1.549-1.548 c0-0.855,0.691-1.548,1.549-1.548c0.854,0,1.547,0.694,1.547,1.548C8.551,7.881,7.858,8.574,7.004,8.574z M18.339,18.338h-2.669 v-4.177c0-0.996-0.017-2.278-1.387-2.278c-1.389,0-1.601,1.086-1.601,2.206v4.249h-2.667v-8.59h2.559v1.174h0.037 c0.356-0.675,1.227-1.387,2.526-1.387c2.703,0,3.203,1.779,3.203,4.092V18.338z\"><\/path><\/svg><span class=\"wp-block-social-link-label screen-reader-text\">LinkedIn<\/span><\/a><\/li><\/ul>\n<\/div>\n<\/div><\/div>\n<\/div>\n\n\n\n<div class=\"wp-block-column is-layout-flow wp-block-column-is-layout-flow\">\n<div class=\"wp-block-cover is-light has-custom-content-position is-position-bottom-center is-style-rounded-cover\" style=\"min-height:500px;aspect-ratio:unset;\"><span aria-hidden=\"true\" class=\"wp-block-cover__background has-main-background-color has-background-dim\"><\/span><img decoding=\"async\" class=\"wp-block-cover__image-background wp-image-531\" alt=\"\" src=\"https:\/\/easeapps.xyz\/wp-content\/uploads\/sites\/2\/angel.jpg\" style=\"object-position:49% 100%\" data-object-fit=\"cover\" data-object-position=\"49% 100%\"\/><div class=\"wp-block-cover__inner-container is-layout-flow wp-block-cover-is-layout-flow\">\n<div class=\"wp-block-group has-global-padding is-layout-constrained wp-container-core-group-is-layout-f5f3bcb8 wp-block-group-is-layout-constrained\">\n<div class=\"wp-block-group is-vertical is-content-justification-center is-layout-flex wp-container-core-group-is-layout-2a94717e wp-block-group-is-layout-flex\">\n<h4 class=\"wp-block-heading has-text-align-center has-base-color has-text-color\">\u00c1ngel Aguilar<\/h4>\n\n\n\n<p class=\"has-text-align-center has-tertiary-color has-text-color has-small-font-size\">Ingeniero<\/p>\n<\/div>\n\n\n\n<ul class=\"wp-block-social-links aligncenter has-icon-color is-style-logos-only is-content-justification-center is-layout-flex wp-container-core-social-links-is-layout-7583787f wp-block-social-links-is-layout-flex\"><li style=\"color: #fff; \" class=\"wp-social-link wp-social-link-linkedin has-base-color wp-block-social-link\"><a href=\"https:\/\/www.linkedin.com\/in\/angel-aguilar-morales-58854780\/\" class=\"wp-block-social-link-anchor\"><svg width=\"24\" height=\"24\" viewBox=\"0 0 24 24\" version=\"1.1\" xmlns=\"http:\/\/www.w3.org\/2000\/svg\" aria-hidden=\"true\" focusable=\"false\"><path d=\"M19.7,3H4.3C3.582,3,3,3.582,3,4.3v15.4C3,20.418,3.582,21,4.3,21h15.4c0.718,0,1.3-0.582,1.3-1.3V4.3 C21,3.582,20.418,3,19.7,3z M8.339,18.338H5.667v-8.59h2.672V18.338z M7.004,8.574c-0.857,0-1.549-0.694-1.549-1.548 c0-0.855,0.691-1.548,1.549-1.548c0.854,0,1.547,0.694,1.547,1.548C8.551,7.881,7.858,8.574,7.004,8.574z M18.339,18.338h-2.669 v-4.177c0-0.996-0.017-2.278-1.387-2.278c-1.389,0-1.601,1.086-1.601,2.206v4.249h-2.667v-8.59h2.559v1.174h0.037 c0.356-0.675,1.227-1.387,2.526-1.387c2.703,0,3.203,1.779,3.203,4.092V18.338z\"><\/path><\/svg><span class=\"wp-block-social-link-label screen-reader-text\">LinkedIn<\/span><\/a><\/li><\/ul>\n<\/div>\n<\/div><\/div>\n<\/div>\n<\/div>\n<\/div>\n\n\n\n<div class=\"wp-block-cover is-style-default wp-duotone-unset-1\" style=\"padding-top:var(--wp--preset--spacing--x-large);padding-bottom:var(--wp--preset--spacing--x-large)\"><span aria-hidden=\"true\" class=\"wp-block-cover__background has-main-background-color has-background-dim-100 has-background-dim\"><\/span><div class=\"wp-block-cover__inner-container is-layout-flow wp-block-cover-is-layout-flow\">\n<div class=\"wp-block-group has-global-padding is-layout-constrained wp-container-core-group-is-layout-f5f3bcb8 wp-block-group-is-layout-constrained\">\n<h2 class=\"wp-block-heading has-text-align-left has-base-color has-text-color\">Y ahora, nos faltas t\u00fa\u2026<\/h2>\n\n\n\n<p class=\"has-text-align-left has-main-accent-color has-text-color\" style=\"font-style:normal;font-weight:400\">Hemos tratado de explicarte lo mejor posible qui\u00e9nes somos, qu\u00e9 hacemos y c\u00f3mo trabajamos. Pero, lo que de verdad nos gustar\u00eda que te pusieras en contacto con nosotros y nos contaras cu\u00e1les son tus problemas, tus deseos, tus necesidades o cualquier duda que tengas.<\/p>\n\n\n\n<hr class=\"wp-block-separator has-text-color has-main-accent-color has-alpha-channel-opacity has-main-accent-background-color has-background is-style-separator-dotted\" style=\"margin-top:var(--wp--preset--spacing--medium);margin-bottom:var(--wp--preset--spacing--medium)\"\/>\n\n\n\n<div class=\"wp-block-buttons is-layout-flex wp-block-buttons-is-layout-flex\">\n<div class=\"wp-block-button has-custom-width wp-block-button__width-100\"><a class=\"wp-block-button__link wp-element-button\" href=\"https:\/\/easeapps.xyz\/contact\/\">Contact Us \u2192<\/a><\/div>\n<\/div>\n<\/div>\n<\/div><\/div>\n","protected":false},"excerpt":{"rendered":"<p>Acerca de Ease Apps Ease Apps naci\u00f3 para dar respuesta a las carencias en accesibilidad f\u00edsica de los dispositivos m\u00f3viles, los tambi\u00e9n llamados tel\u00e9fonos inteligentes y tablets. Nuestro objetivo es crear soluciones, en forma de aplicaciones, que permitan o mejoren el acceso a estos dispositivos m\u00f3viles para todas aquellas personas que lo necesiten. Si t\u00fa [&hellip;]<\/p>\n","protected":false},"author":1,"featured_media":138,"parent":0,"menu_order":0,"comment_status":"closed","ping_status":"closed","template":"","meta":{"footnotes":""},"class_list":["post-152","page","type-page","status-publish","has-post-thumbnail","hentry"],"yoast_head":"<!-- This site is optimized with the Yoast SEO plugin v26.2 - https:\/\/yoast.com\/wordpress\/plugins\/seo\/ -->\n<title>Acerca de - Ease Apps<\/title>\n<meta name=\"robots\" content=\"index, follow, max-snippet:-1, max-image-preview:large, max-video-preview:-1\" \/>\n<link rel=\"canonical\" href=\"https:\/\/easeapps.xyz\/es\/nosotros\/\" \/>\n<meta property=\"og:locale\" content=\"es_ES\" \/>\n<meta property=\"og:type\" content=\"article\" \/>\n<meta property=\"og:title\" content=\"Acerca de - Ease Apps\" \/>\n<meta property=\"og:description\" content=\"Acerca de Ease Apps Ease Apps naci\u00f3 para dar respuesta a las carencias en accesibilidad f\u00edsica de los dispositivos m\u00f3viles, los tambi\u00e9n llamados tel\u00e9fonos inteligentes y tablets. Nuestro objetivo es crear soluciones, en forma de aplicaciones, que permitan o mejoren el acceso a estos dispositivos m\u00f3viles para todas aquellas personas que lo necesiten. Si t\u00fa [&hellip;]\" \/>\n<meta property=\"og:url\" content=\"https:\/\/easeapps.xyz\/es\/nosotros\/\" \/>\n<meta property=\"og:site_name\" content=\"Ease Apps\" \/>\n<meta property=\"article:modified_time\" content=\"2023-08-21T15:17:55+00:00\" \/>\n<meta property=\"og:image\" content=\"https:\/\/easeapps.xyz\/es\/wp-content\/uploads\/marcarectangular.png\" \/>\n\t<meta property=\"og:image:width\" content=\"1614\" \/>\n\t<meta property=\"og:image:height\" content=\"382\" \/>\n\t<meta property=\"og:image:type\" content=\"image\/png\" \/>\n<meta name=\"twitter:card\" content=\"summary_large_image\" \/>\n<meta name=\"twitter:label1\" content=\"Tiempo de lectura\" \/>\n\t<meta name=\"twitter:data1\" content=\"2 minutos\" \/>\n<script type=\"application\/ld+json\" class=\"yoast-schema-graph\">{\"@context\":\"https:\/\/schema.org\",\"@graph\":[{\"@type\":\"WebPage\",\"@id\":\"https:\/\/easeapps.xyz\/es\/nosotros\/\",\"url\":\"https:\/\/easeapps.xyz\/es\/nosotros\/\",\"name\":\"Acerca de - Ease Apps\",\"isPartOf\":{\"@id\":\"https:\/\/easeapps.xyz\/es\/#website\"},\"primaryImageOfPage\":{\"@id\":\"https:\/\/easeapps.xyz\/es\/nosotros\/#primaryimage\"},\"image\":{\"@id\":\"https:\/\/easeapps.xyz\/es\/nosotros\/#primaryimage\"},\"thumbnailUrl\":\"https:\/\/easeapps.xyz\/es\/wp-content\/uploads\/marcarectangular.png\",\"datePublished\":\"2023-08-19T19:36:40+00:00\",\"dateModified\":\"2023-08-21T15:17:55+00:00\",\"breadcrumb\":{\"@id\":\"https:\/\/easeapps.xyz\/es\/nosotros\/#breadcrumb\"},\"inLanguage\":\"es\",\"potentialAction\":[{\"@type\":\"ReadAction\",\"target\":[\"https:\/\/easeapps.xyz\/es\/nosotros\/\"]}]},{\"@type\":\"ImageObject\",\"inLanguage\":\"es\",\"@id\":\"https:\/\/easeapps.xyz\/es\/nosotros\/#primaryimage\",\"url\":\"https:\/\/easeapps.xyz\/es\/wp-content\/uploads\/marcarectangular.png\",\"contentUrl\":\"https:\/\/easeapps.xyz\/es\/wp-content\/uploads\/marcarectangular.png\",\"width\":1614,\"height\":382,\"caption\":\"Logo Ease Apps\"},{\"@type\":\"BreadcrumbList\",\"@id\":\"https:\/\/easeapps.xyz\/es\/nosotros\/#breadcrumb\",\"itemListElement\":[{\"@type\":\"ListItem\",\"position\":1,\"name\":\"Portada\",\"item\":\"https:\/\/easeapps.xyz\/es\/\"},{\"@type\":\"ListItem\",\"position\":2,\"name\":\"Acerca de\"}]},{\"@type\":\"WebSite\",\"@id\":\"https:\/\/easeapps.xyz\/es\/#website\",\"url\":\"https:\/\/easeapps.xyz\/es\/\",\"name\":\"Ease Apps\",\"description\":\"Facilitamos la accesibilidad al m\u00f3vil\",\"potentialAction\":[{\"@type\":\"SearchAction\",\"target\":{\"@type\":\"EntryPoint\",\"urlTemplate\":\"https:\/\/easeapps.xyz\/es\/?s={search_term_string}\"},\"query-input\":{\"@type\":\"PropertyValueSpecification\",\"valueRequired\":true,\"valueName\":\"search_term_string\"}}],\"inLanguage\":\"es\"}]}<\/script>\n<!-- \/ Yoast SEO plugin. -->","yoast_head_json":{"title":"Acerca de - Ease Apps","robots":{"index":"index","follow":"follow","max-snippet":"max-snippet:-1","max-image-preview":"max-image-preview:large","max-video-preview":"max-video-preview:-1"},"canonical":"https:\/\/easeapps.xyz\/es\/nosotros\/","og_locale":"es_ES","og_type":"article","og_title":"Acerca de - Ease Apps","og_description":"Acerca de Ease Apps Ease Apps naci\u00f3 para dar respuesta a las carencias en accesibilidad f\u00edsica de los dispositivos m\u00f3viles, los tambi\u00e9n llamados tel\u00e9fonos inteligentes y tablets. Nuestro objetivo es crear soluciones, en forma de aplicaciones, que permitan o mejoren el acceso a estos dispositivos m\u00f3viles para todas aquellas personas que lo necesiten. Si t\u00fa [&hellip;]","og_url":"https:\/\/easeapps.xyz\/es\/nosotros\/","og_site_name":"Ease Apps","article_modified_time":"2023-08-21T15:17:55+00:00","og_image":[{"width":1614,"height":382,"url":"https:\/\/easeapps.xyz\/es\/wp-content\/uploads\/marcarectangular.png","type":"image\/png"}],"twitter_card":"summary_large_image","twitter_misc":{"Tiempo de lectura":"2 minutos"},"schema":{"@context":"https:\/\/schema.org","@graph":[{"@type":"WebPage","@id":"https:\/\/easeapps.xyz\/es\/nosotros\/","url":"https:\/\/easeapps.xyz\/es\/nosotros\/","name":"Acerca de - Ease Apps","isPartOf":{"@id":"https:\/\/easeapps.xyz\/es\/#website"},"primaryImageOfPage":{"@id":"https:\/\/easeapps.xyz\/es\/nosotros\/#primaryimage"},"image":{"@id":"https:\/\/easeapps.xyz\/es\/nosotros\/#primaryimage"},"thumbnailUrl":"https:\/\/easeapps.xyz\/es\/wp-content\/uploads\/marcarectangular.png","datePublished":"2023-08-19T19:36:40+00:00","dateModified":"2023-08-21T15:17:55+00:00","breadcrumb":{"@id":"https:\/\/easeapps.xyz\/es\/nosotros\/#breadcrumb"},"inLanguage":"es","potentialAction":[{"@type":"ReadAction","target":["https:\/\/easeapps.xyz\/es\/nosotros\/"]}]},{"@type":"ImageObject","inLanguage":"es","@id":"https:\/\/easeapps.xyz\/es\/nosotros\/#primaryimage","url":"https:\/\/easeapps.xyz\/es\/wp-content\/uploads\/marcarectangular.png","contentUrl":"https:\/\/easeapps.xyz\/es\/wp-content\/uploads\/marcarectangular.png","width":1614,"height":382,"caption":"Logo Ease Apps"},{"@type":"BreadcrumbList","@id":"https:\/\/easeapps.xyz\/es\/nosotros\/#breadcrumb","itemListElement":[{"@type":"ListItem","position":1,"name":"Portada","item":"https:\/\/easeapps.xyz\/es\/"},{"@type":"ListItem","position":2,"name":"Acerca de"}]},{"@type":"WebSite","@id":"https:\/\/easeapps.xyz\/es\/#website","url":"https:\/\/easeapps.xyz\/es\/","name":"Ease Apps","description":"Facilitamos la accesibilidad al m\u00f3vil","potentialAction":[{"@type":"SearchAction","target":{"@type":"EntryPoint","urlTemplate":"https:\/\/easeapps.xyz\/es\/?s={search_term_string}"},"query-input":{"@type":"PropertyValueSpecification","valueRequired":true,"valueName":"search_term_string"}}],"inLanguage":"es"}]}},"_links":{"self":[{"href":"https:\/\/easeapps.xyz\/es\/wp-json\/wp\/v2\/pages\/152","targetHints":{"allow":["GET"]}}],"collection":[{"href":"https:\/\/easeapps.xyz\/es\/wp-json\/wp\/v2\/pages"}],"about":[{"href":"https:\/\/easeapps.xyz\/es\/wp-json\/wp\/v2\/types\/page"}],"author":[{"embeddable":true,"href":"https:\/\/easeapps.xyz\/es\/wp-json\/wp\/v2\/users\/1"}],"replies":[{"embeddable":true,"href":"https:\/\/easeapps.xyz\/es\/wp-json\/wp\/v2\/comments?post=152"}],"version-history":[{"count":5,"href":"https:\/\/easeapps.xyz\/es\/wp-json\/wp\/v2\/pages\/152\/revisions"}],"predecessor-version":[{"id":372,"href":"https:\/\/easeapps.xyz\/es\/wp-json\/wp\/v2\/pages\/152\/revisions\/372"}],"wp:featuredmedia":[{"embeddable":true,"href":"https:\/\/easeapps.xyz\/es\/wp-json\/wp\/v2\/media\/138"}],"wp:attachment":[{"href":"https:\/\/easeapps.xyz\/es\/wp-json\/wp\/v2\/media?parent=152"}],"curies":[{"name":"wp","href":"https:\/\/api.w.org\/{rel}","templated":true}]}}