{"id":166,"date":"2023-08-19T21:50:37","date_gmt":"2023-08-19T19:50:37","guid":{"rendered":"https:\/\/easeapps.xyz\/es\/?page_id=166"},"modified":"2023-08-21T17:10:42","modified_gmt":"2023-08-21T15:10:42","slug":"ease-mouse","status":"publish","type":"page","link":"https:\/\/easeapps.xyz\/es\/ease-mouse\/","title":{"rendered":"Ease Mouse"},"content":{"rendered":"\n<figure class=\"wp-block-video\"><video autoplay controls muted src=\"https:\/\/easeapps.xyz\/wp-content\/uploads\/sites\/2\/Ease_Mouse_with_David_Utanda.mp4\" playsinline><\/video><\/figure>\n\n\n\n<div class=\"wp-block-group alignfull has-global-padding is-layout-constrained wp-container-core-group-is-layout-419f2a48 wp-block-group-is-layout-constrained\" style=\"margin-top:0px;margin-bottom:0px;padding-top:var(--wp--preset--spacing--small);padding-right:var(--wp--preset--spacing--medium);padding-bottom:var(--wp--preset--spacing--small);padding-left:var(--wp--preset--spacing--medium)\">\n<div class=\"wp-block-columns alignwide are-vertically-aligned-center is-layout-flex wp-container-core-columns-is-layout-2009bae8 wp-block-columns-is-layout-flex\" style=\"margin-top:0px;margin-bottom:0px\">\n<div class=\"wp-block-column is-vertically-aligned-center is-layout-flow wp-block-column-is-layout-flow\">\n<figure class=\"wp-block-image aligncenter size-large\"><img decoding=\"async\" src=\"https:\/\/easeapps.xyz\/wp-content\/uploads\/sites\/2\/easy_1grey-595x1024.jpg\" alt=\"Captura de pantalla de Ease Mouse \" class=\"wp-image-494\"\/><\/figure>\n<\/div>\n\n\n\n<div class=\"wp-block-column is-vertically-aligned-center is-layout-flow wp-block-column-is-layout-flow\">\n<div class=\"wp-block-group is-layout-flow wp-block-group-is-layout-flow\">\n<div class=\"wp-block-group has-global-padding is-layout-constrained wp-container-core-group-is-layout-f5f3bcb8 wp-block-group-is-layout-constrained\">\n<p class=\"has-text-align-center has-primary-color has-text-color has-small-font-size\" style=\"font-style:normal;font-weight:500\">Controla todas las acciones de tu dispositivo m\u00f3vil con un Mouse o Trackball<\/p>\n\n\n\n<h1 class=\"wp-block-heading has-x-large-font-size\">Ease Mouse<\/h1>\n\n\n\n<p>Como usuario de Ease Mouse podr\u00e1s realizar \u2013haciendo uso de un rat\u00f3n o trackball est\u00e1ndar\u2013 todas aquellas acciones que permiten el control de tu dispositivo m\u00f3vil. Proporciona funciones avanzadas para simplificar el uso del puntero del rat\u00f3n en dispositivos Android.<\/p>\n<\/div>\n\n\n\n<hr class=\"wp-block-separator has-text-color has-main-accent-color has-alpha-channel-opacity has-main-accent-background-color has-background is-style-separator-dotted\" style=\"margin-top:var(--wp--preset--spacing--large);margin-bottom:var(--wp--preset--spacing--large)\"\/>\n\n\n\n<div class=\"wp-block-columns is-layout-flex wp-container-core-columns-is-layout-28f84493 wp-block-columns-is-layout-flex\">\n<div class=\"wp-block-column is-layout-flow wp-block-column-is-layout-flow\">\n<div class=\"wp-block-group has-global-padding is-layout-constrained wp-container-core-group-is-layout-f5f3bcb8 wp-block-group-is-layout-constrained\">\n<p class=\"has-primary-color has-text-color\">Clic por espera<\/p>\n\n\n\n<p class=\"has-x-small-font-size\">Permite hacer clic sin necesidad de presionar ning\u00fan bot\u00f3n.<\/p>\n<\/div>\n<\/div>\n\n\n\n<div class=\"wp-block-column is-layout-flow wp-block-column-is-layout-flow\">\n<div class=\"wp-block-group has-global-padding is-layout-constrained wp-container-core-group-is-layout-f5f3bcb8 wp-block-group-is-layout-constrained\">\n<p class=\"has-primary-color has-text-color\">Gestos f\u00e1ciles<\/p>\n\n\n\n<p class=\"has-x-small-font-size\">Los gestos m\u00e1s comunes (por ejemplo, tocar, tocar dos veces, arrastrar, deslizar, pellizcar, etc.) se pueden realizar con un solo clic.<\/p>\n<\/div>\n<\/div>\n<\/div>\n\n\n\n<div class=\"wp-block-columns is-layout-flex wp-container-core-columns-is-layout-28f84493 wp-block-columns-is-layout-flex\">\n<div class=\"wp-block-column is-layout-flow wp-block-column-is-layout-flow\">\n<div class=\"wp-block-group has-global-padding is-layout-constrained wp-container-core-group-is-layout-f5f3bcb8 wp-block-group-is-layout-constrained\">\n<p class=\"has-primary-color has-text-color\">Visibilidad<\/p>\n\n\n\n<p class=\"has-x-small-font-size\">Una cruz en la pantalla del dispositivo hace que el cursor sea m\u00e1s visible.<\/p>\n<\/div>\n<\/div>\n\n\n\n<div class=\"wp-block-column is-layout-flow wp-block-column-is-layout-flow\">\n<div class=\"wp-block-group has-global-padding is-layout-constrained wp-container-core-group-is-layout-f5f3bcb8 wp-block-group-is-layout-constrained\">\n<p class=\"has-primary-color has-text-color\">Compatibilidad<\/p>\n\n\n\n<p class=\"has-x-small-font-size\">Ease Joystick works for tablets and smartphones with Android 7.0 or higher.<\/p>\n<\/div>\n<\/div>\n<\/div>\n<\/div>\n<\/div>\n<\/div>\n\n\n\n<p><\/p>\n<\/div>\n\n\n\n<div class=\"wp-block-group alignfull has-base-color has-text-color has-global-padding is-layout-constrained wp-container-core-group-is-layout-9b4cc9ae wp-block-group-is-layout-constrained\" style=\"margin-top:0;margin-bottom:0;padding-top:var(--wp--preset--spacing--large);padding-right:var(--wp--preset--spacing--medium);padding-bottom:var(--wp--preset--spacing--large);padding-left:var(--wp--preset--spacing--medium)\">\n<div class=\"wp-block-group alignwide is-vertical is-content-justification-center is-layout-flex wp-container-core-group-is-layout-ce155fab wp-block-group-is-layout-flex\">\n<div class=\"wp-block-group has-global-padding is-layout-constrained wp-container-core-group-is-layout-f5f3bcb8 wp-block-group-is-layout-constrained\">\n<h2 class=\"wp-block-heading has-text-align-center has-main-color has-text-color\">Pru\u00e9balo gratis<\/h2>\n\n\n\n<p class=\"has-text-align-center\"><\/p>\n\n\n\n<figure class=\"wp-block-image aligncenter size-full\"><a href=\"https:\/\/play.google.com\/store\/apps\/details?id=com.crea_si.ease_mouse\"><img decoding=\"async\" src=\"https:\/\/easeapps.xyz\/wp-content\/uploads\/sites\/2\/get_it_on_google_play.png\" alt=\"Get it on Google Play\" class=\"wp-image-376\"\/><\/a><\/figure>\n<\/div>\n<\/div>\n<\/div>\n\n\n\n<div class=\"wp-block-group alignfull feature-boxes has-tertiary-background-color has-background has-global-padding is-layout-constrained wp-container-core-group-is-layout-3458909d wp-block-group-is-layout-constrained\" style=\"margin-top:0px;padding-top:var(--wp--preset--spacing--xx-large);padding-right:var(--wp--preset--spacing--medium);padding-bottom:var(--wp--preset--spacing--xx-large);padding-left:var(--wp--preset--spacing--medium)\">\n<div class=\"wp-block-group is-layout-flow wp-container-core-group-is-layout-c7b3064f wp-block-group-is-layout-flow\">\n<h2 class=\"wp-block-heading has-text-align-center\">\u00bfC\u00f3mo funciona?<\/h2>\n\n\n\n<p class=\"has-text-align-center\">Un men\u00fa te permite elegir el gesto deseado u otra acci\u00f3n a realizar. Puedes ir atr\u00e1s o al inicio, abrir notificaciones, mostrar las aplicaciones en ejecuci\u00f3n, hacer zoom para acercar y alejar contenido, desplazar contenidos y realizar gestos de deslizamiento (swipe) o pellizco (pinch), por ejemplo.<\/p>\n<\/div>\n\n\n\n<div class=\"wp-block-group alignwide is-vertical is-layout-flex wp-container-core-group-is-layout-f20fd760 wp-block-group-is-layout-flex\" style=\"padding-right:0;padding-left:0\">\n<div class=\"wp-block-columns alignwide is-layout-flex wp-container-core-columns-is-layout-e998dcac wp-block-columns-is-layout-flex\" style=\"margin-top:0px;margin-bottom:0px;padding-right:var(--wp--preset--spacing--x-large);padding-left:var(--wp--preset--spacing--x-large)\">\n<div class=\"wp-block-column is-vertically-aligned-center is-layout-flow wp-block-column-is-layout-flow\">\n<div class=\"wp-block-group is-vertical is-layout-flex wp-container-core-group-is-layout-fe9cc265 wp-block-group-is-layout-flex\">\n<div class=\"wp-block-group is-nowrap is-layout-flex wp-container-core-group-is-layout-1b11d160 wp-block-group-is-layout-flex\">\n<figure class=\"wp-block-image size-full wp-duotone-blue\"><img decoding=\"async\" src=\"https:\/\/easeapps.xyz\/wp-content\/uploads\/sites\/2\/dweling2.png\" alt=\"Dwell click\" class=\"wp-image-399\"\/><\/figure>\n\n\n\n<h3 class=\"wp-block-heading has-primary-color has-text-color\">Clic por espera<\/h3>\n<\/div>\n\n\n\n<p>Una vez que se detiene el cursor, comienza una cuenta atr\u00e1s y el clic se genera cuando el tiempo de espera expira. Una cruz se reduce gradualmente proporcionando retroalimentaci\u00f3n visual.<\/p>\n<\/div>\n\n\n\n<div class=\"wp-block-group is-vertical is-layout-flex wp-container-core-group-is-layout-fe9cc265 wp-block-group-is-layout-flex\">\n<div class=\"wp-block-group is-nowrap is-layout-flex wp-container-core-group-is-layout-1b11d160 wp-block-group-is-layout-flex\">\n<figure class=\"wp-block-image size-full is-resized wp-duotone-blue\"><img loading=\"lazy\" decoding=\"async\" src=\"https:\/\/easeapps.xyz\/wp-content\/uploads\/sites\/2\/click.svg\" alt=\"Standard click\" class=\"wp-image-486\" style=\"object-fit:cover;width:64px;height:64px\" width=\"64\" height=\"64\"\/><\/figure>\n\n\n\n<h3 class=\"wp-block-heading has-primary-color has-text-color\">Clic est\u00e1ndar<\/h3>\n<\/div>\n\n\n\n<p>Clic convencional usando el bot\u00f3n izquierdo del rat\u00f3n.<\/p>\n<\/div>\n\n\n\n<div class=\"wp-block-group is-vertical is-layout-flex wp-container-core-group-is-layout-fe9cc265 wp-block-group-is-layout-flex\">\n<div class=\"wp-block-group is-nowrap is-layout-flex wp-container-core-group-is-layout-1b11d160 wp-block-group-is-layout-flex\">\n<figure class=\"wp-block-image size-full is-resized wp-duotone-blue\"><img loading=\"lazy\" decoding=\"async\" src=\"https:\/\/easeapps.xyz\/wp-content\/uploads\/sites\/2\/ease_click.svg\" alt=\"Ease click\" class=\"wp-image-487\" style=\"object-fit:cover;width:64px;height:64px\" width=\"64\" height=\"64\"\/><\/figure>\n\n\n\n<h3 class=\"wp-block-heading has-primary-color has-text-color\">Ease clic<\/h3>\n<\/div>\n\n\n\n<p>Para evitar clics no deseados como resultado de temblores u otras causas, es posible establecer un tiempo durante el cual debes mantener presionado el bot\u00f3n antes de aceptar un clic y otro intervalo de tiempo despu\u00e9s del clic en el que se ignoran las nuevas pulsaciones del bot\u00f3n.<\/p>\n<\/div>\n<\/div>\n<\/div>\n<\/div>\n<\/div>\n\n\n\n<div class=\"wp-block-group alignfull feature-boxes has-global-padding is-layout-constrained wp-container-core-group-is-layout-e4375c44 wp-block-group-is-layout-constrained\" style=\"margin-top:0px;padding-top:var(--wp--preset--spacing--xxx-large);padding-right:var(--wp--preset--spacing--medium);padding-bottom:var(--wp--preset--spacing--xxx-large);padding-left:var(--wp--preset--spacing--medium)\">\n<div class=\"wp-block-group is-layout-flow wp-container-core-group-is-layout-c7b3064f wp-block-group-is-layout-flow\">\n<h2 class=\"wp-block-heading has-text-align-center\">Capturas de pantalla<\/h2>\n<\/div>\n\n\n\n<div class=\"wp-block-group alignwide is-vertical is-layout-flex wp-container-core-group-is-layout-c5442126 wp-block-group-is-layout-flex\">\n<div class=\"wp-block-columns alignwide is-layout-flex wp-container-core-columns-is-layout-01e5a009 wp-block-columns-is-layout-flex\" style=\"margin-top:0px;margin-bottom:0px\">\n<div class=\"wp-block-column is-style-column-box-shadow has-border-color is-layout-flow wp-container-core-column-is-layout-739a585d wp-block-column-is-layout-flow\" style=\"border-color:#e3e3ea;border-width:1px;padding-top:var(--wp--preset--spacing--small);padding-right:var(--wp--preset--spacing--small);padding-bottom:var(--wp--preset--spacing--small);padding-left:var(--wp--preset--spacing--small)\">\n<figure class=\"wp-block-image aligncenter size-large is-style-default\"><img decoding=\"async\" src=\"https:\/\/easeapps.xyz\/wp-content\/uploads\/sites\/2\/Screenshot_20190401-133624-576x1024.png\" alt=\"app screenshot\" class=\"wp-image-495\"\/><\/figure>\n<\/div>\n\n\n\n<div class=\"wp-block-column is-style-column-box-shadow has-border-color is-layout-flow wp-container-core-column-is-layout-739a585d wp-block-column-is-layout-flow\" style=\"border-color:#e3e3ea;border-width:1px;padding-top:var(--wp--preset--spacing--small);padding-right:var(--wp--preset--spacing--small);padding-bottom:var(--wp--preset--spacing--small);padding-left:var(--wp--preset--spacing--small)\">\n<figure class=\"wp-block-image aligncenter size-large\"><img decoding=\"async\" src=\"https:\/\/easeapps.xyz\/wp-content\/uploads\/sites\/2\/Screenshot_20190401-131059-576x1024.png\" alt=\"Ease Mouse action menu screenshot\" class=\"wp-image-481\"\/><\/figure>\n<\/div>\n\n\n\n<div class=\"wp-block-column is-style-column-box-shadow has-border-color is-layout-flow wp-container-core-column-is-layout-739a585d wp-block-column-is-layout-flow\" style=\"border-color:#e3e3ea;border-width:1px;padding-top:var(--wp--preset--spacing--small);padding-right:var(--wp--preset--spacing--small);padding-bottom:var(--wp--preset--spacing--small);padding-left:var(--wp--preset--spacing--small)\">\n<figure class=\"wp-block-image aligncenter size-large\"><img decoding=\"async\" src=\"https:\/\/easeapps.xyz\/wp-content\/uploads\/sites\/2\/Screenshot_20190401-131202-576x1024.jpg\" alt=\"Ease Mouse scrolling mode screenshot\" class=\"wp-image-482\"\/><\/figure>\n<\/div>\n\n\n\n<div class=\"wp-block-column is-style-column-box-shadow has-border-color is-layout-flow wp-container-core-column-is-layout-739a585d wp-block-column-is-layout-flow\" style=\"border-color:#e3e3ea;border-width:1px;padding-top:var(--wp--preset--spacing--small);padding-right:var(--wp--preset--spacing--small);padding-bottom:var(--wp--preset--spacing--small);padding-left:var(--wp--preset--spacing--small)\">\n<figure class=\"wp-block-image aligncenter size-large\"><img decoding=\"async\" src=\"https:\/\/easeapps.xyz\/wp-content\/uploads\/sites\/2\/Screenshot_20190401-133648-576x1024.png\" alt=\"Ease Mouse screenshot featuring settings screen\" class=\"wp-image-496\"\/><\/figure>\n<\/div>\n<\/div>\n<\/div>\n<\/div>\n","protected":false},"excerpt":{"rendered":"<p>Controla todas las acciones de tu dispositivo m\u00f3vil con un Mouse o Trackball Ease Mouse Como usuario de Ease Mouse podr\u00e1s realizar \u2013haciendo uso de un rat\u00f3n o trackball est\u00e1ndar\u2013 todas aquellas acciones que permiten el control de tu dispositivo m\u00f3vil. Proporciona funciones avanzadas para simplificar el uso del puntero del rat\u00f3n en dispositivos Android. [&hellip;]<\/p>\n","protected":false},"author":1,"featured_media":369,"parent":0,"menu_order":0,"comment_status":"closed","ping_status":"closed","template":"","meta":{"footnotes":""},"class_list":["post-166","page","type-page","status-publish","has-post-thumbnail","hentry"],"yoast_head":"<!-- This site is optimized with the Yoast SEO plugin v26.2 - https:\/\/yoast.com\/wordpress\/plugins\/seo\/ -->\n<title>Ease Mouse - Ease Apps<\/title>\n<meta name=\"description\" content=\"Controla todas las acciones de tu dispositivo m\u00f3vil con un Rat\u00f3n o Trackball. Proporciona potentes funciones para simplificar el uso del puntero del rat\u00f3n en dispositivos Android.\" \/>\n<meta name=\"robots\" content=\"index, follow, max-snippet:-1, max-image-preview:large, max-video-preview:-1\" \/>\n<link rel=\"canonical\" href=\"https:\/\/easeapps.xyz\/es\/ease-mouse\/\" \/>\n<meta property=\"og:locale\" content=\"es_ES\" \/>\n<meta property=\"og:type\" content=\"article\" \/>\n<meta property=\"og:title\" content=\"Ease Mouse - Ease Apps\" \/>\n<meta property=\"og:description\" content=\"Controla todas las acciones de tu dispositivo m\u00f3vil con un Rat\u00f3n o Trackball. Proporciona potentes funciones para simplificar el uso del puntero del rat\u00f3n en dispositivos Android.\" \/>\n<meta property=\"og:url\" content=\"https:\/\/easeapps.xyz\/es\/ease-mouse\/\" \/>\n<meta property=\"og:site_name\" content=\"Ease Apps\" \/>\n<meta property=\"article:modified_time\" content=\"2023-08-21T15:10:42+00:00\" \/>\n<meta property=\"og:image\" content=\"https:\/\/easeapps.xyz\/es\/wp-content\/uploads\/ease_mouse_icon256.png\" \/>\n\t<meta property=\"og:image:width\" content=\"256\" \/>\n\t<meta property=\"og:image:height\" content=\"256\" \/>\n\t<meta property=\"og:image:type\" content=\"image\/png\" \/>\n<meta name=\"twitter:card\" content=\"summary_large_image\" \/>\n<meta name=\"twitter:label1\" content=\"Tiempo de lectura\" \/>\n\t<meta name=\"twitter:data1\" content=\"4 minutos\" \/>\n<script type=\"application\/ld+json\" class=\"yoast-schema-graph\">{\"@context\":\"https:\/\/schema.org\",\"@graph\":[{\"@type\":\"WebPage\",\"@id\":\"https:\/\/easeapps.xyz\/es\/ease-mouse\/\",\"url\":\"https:\/\/easeapps.xyz\/es\/ease-mouse\/\",\"name\":\"Ease Mouse - Ease Apps\",\"isPartOf\":{\"@id\":\"https:\/\/easeapps.xyz\/es\/#website\"},\"primaryImageOfPage\":{\"@id\":\"https:\/\/easeapps.xyz\/es\/ease-mouse\/#primaryimage\"},\"image\":{\"@id\":\"https:\/\/easeapps.xyz\/es\/ease-mouse\/#primaryimage\"},\"thumbnailUrl\":\"https:\/\/easeapps.xyz\/es\/wp-content\/uploads\/ease_mouse_icon256.png\",\"datePublished\":\"2023-08-19T19:50:37+00:00\",\"dateModified\":\"2023-08-21T15:10:42+00:00\",\"description\":\"Controla todas las acciones de tu dispositivo m\u00f3vil con un Rat\u00f3n o Trackball. Proporciona potentes funciones para simplificar el uso del puntero del rat\u00f3n en dispositivos Android.\",\"breadcrumb\":{\"@id\":\"https:\/\/easeapps.xyz\/es\/ease-mouse\/#breadcrumb\"},\"inLanguage\":\"es\",\"potentialAction\":[{\"@type\":\"ReadAction\",\"target\":[\"https:\/\/easeapps.xyz\/es\/ease-mouse\/\"]}]},{\"@type\":\"ImageObject\",\"inLanguage\":\"es\",\"@id\":\"https:\/\/easeapps.xyz\/es\/ease-mouse\/#primaryimage\",\"url\":\"https:\/\/easeapps.xyz\/es\/wp-content\/uploads\/ease_mouse_icon256.png\",\"contentUrl\":\"https:\/\/easeapps.xyz\/es\/wp-content\/uploads\/ease_mouse_icon256.png\",\"width\":256,\"height\":256},{\"@type\":\"BreadcrumbList\",\"@id\":\"https:\/\/easeapps.xyz\/es\/ease-mouse\/#breadcrumb\",\"itemListElement\":[{\"@type\":\"ListItem\",\"position\":1,\"name\":\"Portada\",\"item\":\"https:\/\/easeapps.xyz\/es\/\"},{\"@type\":\"ListItem\",\"position\":2,\"name\":\"Ease Mouse\"}]},{\"@type\":\"WebSite\",\"@id\":\"https:\/\/easeapps.xyz\/es\/#website\",\"url\":\"https:\/\/easeapps.xyz\/es\/\",\"name\":\"Ease Apps\",\"description\":\"Facilitamos la accesibilidad al m\u00f3vil\",\"potentialAction\":[{\"@type\":\"SearchAction\",\"target\":{\"@type\":\"EntryPoint\",\"urlTemplate\":\"https:\/\/easeapps.xyz\/es\/?s={search_term_string}\"},\"query-input\":{\"@type\":\"PropertyValueSpecification\",\"valueRequired\":true,\"valueName\":\"search_term_string\"}}],\"inLanguage\":\"es\"}]}<\/script>\n<!-- \/ Yoast SEO plugin. -->","yoast_head_json":{"title":"Ease Mouse - Ease Apps","description":"Controla todas las acciones de tu dispositivo m\u00f3vil con un Rat\u00f3n o Trackball. Proporciona potentes funciones para simplificar el uso del puntero del rat\u00f3n en dispositivos Android.","robots":{"index":"index","follow":"follow","max-snippet":"max-snippet:-1","max-image-preview":"max-image-preview:large","max-video-preview":"max-video-preview:-1"},"canonical":"https:\/\/easeapps.xyz\/es\/ease-mouse\/","og_locale":"es_ES","og_type":"article","og_title":"Ease Mouse - Ease Apps","og_description":"Controla todas las acciones de tu dispositivo m\u00f3vil con un Rat\u00f3n o Trackball. Proporciona potentes funciones para simplificar el uso del puntero del rat\u00f3n en dispositivos Android.","og_url":"https:\/\/easeapps.xyz\/es\/ease-mouse\/","og_site_name":"Ease Apps","article_modified_time":"2023-08-21T15:10:42+00:00","og_image":[{"width":256,"height":256,"url":"https:\/\/easeapps.xyz\/es\/wp-content\/uploads\/ease_mouse_icon256.png","type":"image\/png"}],"twitter_card":"summary_large_image","twitter_misc":{"Tiempo de lectura":"4 minutos"},"schema":{"@context":"https:\/\/schema.org","@graph":[{"@type":"WebPage","@id":"https:\/\/easeapps.xyz\/es\/ease-mouse\/","url":"https:\/\/easeapps.xyz\/es\/ease-mouse\/","name":"Ease Mouse - Ease Apps","isPartOf":{"@id":"https:\/\/easeapps.xyz\/es\/#website"},"primaryImageOfPage":{"@id":"https:\/\/easeapps.xyz\/es\/ease-mouse\/#primaryimage"},"image":{"@id":"https:\/\/easeapps.xyz\/es\/ease-mouse\/#primaryimage"},"thumbnailUrl":"https:\/\/easeapps.xyz\/es\/wp-content\/uploads\/ease_mouse_icon256.png","datePublished":"2023-08-19T19:50:37+00:00","dateModified":"2023-08-21T15:10:42+00:00","description":"Controla todas las acciones de tu dispositivo m\u00f3vil con un Rat\u00f3n o Trackball. Proporciona potentes funciones para simplificar el uso del puntero del rat\u00f3n en dispositivos Android.","breadcrumb":{"@id":"https:\/\/easeapps.xyz\/es\/ease-mouse\/#breadcrumb"},"inLanguage":"es","potentialAction":[{"@type":"ReadAction","target":["https:\/\/easeapps.xyz\/es\/ease-mouse\/"]}]},{"@type":"ImageObject","inLanguage":"es","@id":"https:\/\/easeapps.xyz\/es\/ease-mouse\/#primaryimage","url":"https:\/\/easeapps.xyz\/es\/wp-content\/uploads\/ease_mouse_icon256.png","contentUrl":"https:\/\/easeapps.xyz\/es\/wp-content\/uploads\/ease_mouse_icon256.png","width":256,"height":256},{"@type":"BreadcrumbList","@id":"https:\/\/easeapps.xyz\/es\/ease-mouse\/#breadcrumb","itemListElement":[{"@type":"ListItem","position":1,"name":"Portada","item":"https:\/\/easeapps.xyz\/es\/"},{"@type":"ListItem","position":2,"name":"Ease Mouse"}]},{"@type":"WebSite","@id":"https:\/\/easeapps.xyz\/es\/#website","url":"https:\/\/easeapps.xyz\/es\/","name":"Ease Apps","description":"Facilitamos la accesibilidad al m\u00f3vil","potentialAction":[{"@type":"SearchAction","target":{"@type":"EntryPoint","urlTemplate":"https:\/\/easeapps.xyz\/es\/?s={search_term_string}"},"query-input":{"@type":"PropertyValueSpecification","valueRequired":true,"valueName":"search_term_string"}}],"inLanguage":"es"}]}},"_links":{"self":[{"href":"https:\/\/easeapps.xyz\/es\/wp-json\/wp\/v2\/pages\/166","targetHints":{"allow":["GET"]}}],"collection":[{"href":"https:\/\/easeapps.xyz\/es\/wp-json\/wp\/v2\/pages"}],"about":[{"href":"https:\/\/easeapps.xyz\/es\/wp-json\/wp\/v2\/types\/page"}],"author":[{"embeddable":true,"href":"https:\/\/easeapps.xyz\/es\/wp-json\/wp\/v2\/users\/1"}],"replies":[{"embeddable":true,"href":"https:\/\/easeapps.xyz\/es\/wp-json\/wp\/v2\/comments?post=166"}],"version-history":[{"count":3,"href":"https:\/\/easeapps.xyz\/es\/wp-json\/wp\/v2\/pages\/166\/revisions"}],"predecessor-version":[{"id":327,"href":"https:\/\/easeapps.xyz\/es\/wp-json\/wp\/v2\/pages\/166\/revisions\/327"}],"wp:featuredmedia":[{"embeddable":true,"href":"https:\/\/easeapps.xyz\/es\/wp-json\/wp\/v2\/media\/369"}],"wp:attachment":[{"href":"https:\/\/easeapps.xyz\/es\/wp-json\/wp\/v2\/media?parent=166"}],"curies":[{"name":"wp","href":"https:\/\/api.w.org\/{rel}","templated":true}]}}