{"id":172,"date":"2023-08-19T21:51:45","date_gmt":"2023-08-19T19:51:45","guid":{"rendered":"https:\/\/easeapps.xyz\/es\/?page_id=172"},"modified":"2023-08-21T17:03:28","modified_gmt":"2023-08-21T15:03:28","slug":"eva","status":"publish","type":"page","link":"https:\/\/easeapps.xyz\/es\/eva\/","title":{"rendered":"EVA Facial Mouse PRO"},"content":{"rendered":"\n<figure class=\"wp-block-embed is-type-video is-provider-youtube wp-block-embed-youtube wp-embed-aspect-16-9 wp-has-aspect-ratio\"><div class=\"wp-block-embed__wrapper\">\n<iframe loading=\"lazy\" title=\"EVA Facial Mouse PRO\" width=\"500\" height=\"281\" src=\"https:\/\/www.youtube.com\/embed\/o1Kewol1YtM?feature=oembed\" frameborder=\"0\" allow=\"accelerometer; autoplay; clipboard-write; encrypted-media; gyroscope; picture-in-picture; web-share\" referrerpolicy=\"strict-origin-when-cross-origin\" allowfullscreen><\/iframe>\n<\/div><\/figure>\n\n\n\n<div class=\"wp-block-group alignfull has-global-padding is-layout-constrained wp-container-core-group-is-layout-419f2a48 wp-block-group-is-layout-constrained\" style=\"margin-top:0px;margin-bottom:0px;padding-top:var(--wp--preset--spacing--small);padding-right:var(--wp--preset--spacing--medium);padding-bottom:var(--wp--preset--spacing--small);padding-left:var(--wp--preset--spacing--medium)\">\n<div class=\"wp-block-columns alignwide are-vertically-aligned-center is-layout-flex wp-container-core-columns-is-layout-2009bae8 wp-block-columns-is-layout-flex\" style=\"margin-top:0px;margin-bottom:0px\">\n<div class=\"wp-block-column is-vertically-aligned-center is-layout-flow wp-block-column-is-layout-flow\">\n<figure class=\"wp-block-image aligncenter size-large\"><img decoding=\"async\" src=\"https:\/\/easeapps.xyz\/wp-content\/uploads\/sites\/2\/eva-mockup__700x1205-595x1024.jpg\" alt=\"Smartphone que muestra una captura de pantalla de EVA Facial\" class=\"wp-image-388\"\/><\/figure>\n<\/div>\n\n\n\n<div class=\"wp-block-column is-vertically-aligned-center is-layout-flow wp-block-column-is-layout-flow\">\n<div class=\"wp-block-group is-layout-flow wp-block-group-is-layout-flow\">\n<div class=\"wp-block-group has-global-padding is-layout-constrained wp-container-core-group-is-layout-f5f3bcb8 wp-block-group-is-layout-constrained\">\n<p class=\"has-primary-color has-text-color has-small-font-size\" style=\"font-style:normal;font-weight:500\">Controla tu m\u00f3vil sin manos, s\u00f3lo con los movimientos de tu cabeza<\/p>\n\n\n\n<h1 class=\"wp-block-heading has-x-large-font-size\">EVA Facial Mouse PRO<\/h1>\n\n\n\n<p>EVA hace un seguimiento continuo de los movimientos de tu rostro a trav\u00e9s de la c\u00e1mara frontal. Un puntero te permite controlar todas las acciones de tu dispositivo.<\/p>\n<\/div>\n\n\n\n<hr class=\"wp-block-separator has-text-color has-main-accent-color has-alpha-channel-opacity has-main-accent-background-color has-background is-style-separator-dotted\" style=\"margin-top:var(--wp--preset--spacing--large);margin-bottom:var(--wp--preset--spacing--large)\"\/>\n\n\n\n<div class=\"wp-block-columns is-layout-flex wp-container-core-columns-is-layout-28f84493 wp-block-columns-is-layout-flex\">\n<div class=\"wp-block-column is-layout-flow wp-block-column-is-layout-flow\">\n<div class=\"wp-block-group has-global-padding is-layout-constrained wp-container-core-group-is-layout-f5f3bcb8 wp-block-group-is-layout-constrained\">\n<p class=\"has-primary-color has-text-color\">Manos libres<\/p>\n\n\n\n<p class=\"has-x-small-font-size\">Usa tu tel\u00e9fono simplemente moviendo la cabeza, sin tocar la pantalla.<\/p>\n<\/div>\n<\/div>\n\n\n\n<div class=\"wp-block-column is-layout-flow wp-block-column-is-layout-flow\">\n<div class=\"wp-block-group has-global-padding is-layout-constrained wp-container-core-group-is-layout-f5f3bcb8 wp-block-group-is-layout-constrained\">\n<p class=\"has-primary-color has-text-color\">F\u00e1cil de usar<\/p>\n\n\n\n<p class=\"has-x-small-font-size\">El asistente de configuraci\u00f3n te ayuda a empezar a usar EVA.<\/p>\n<\/div>\n<\/div>\n<\/div>\n\n\n\n<div class=\"wp-block-columns is-layout-flex wp-container-core-columns-is-layout-28f84493 wp-block-columns-is-layout-flex\">\n<div class=\"wp-block-column is-layout-flow wp-block-column-is-layout-flow\">\n<div class=\"wp-block-group has-global-padding is-layout-constrained wp-container-core-group-is-layout-f5f3bcb8 wp-block-group-is-layout-constrained\">\n<p class=\"has-primary-color has-text-color\">Generaci\u00f3n de gestos<\/p>\n\n\n\n<p class=\"has-x-small-font-size\">Te permite realizar los gestos m\u00e1s comunes (por ejemplo, tocar, tocar dos veces, desplazar, deslizar, pellizcar, etc.) para controlar tu dispositivo.<\/p>\n<\/div>\n<\/div>\n\n\n\n<div class=\"wp-block-column is-layout-flow wp-block-column-is-layout-flow\">\n<div class=\"wp-block-group has-global-padding is-layout-constrained wp-container-core-group-is-layout-f5f3bcb8 wp-block-group-is-layout-constrained\">\n<p class=\"has-primary-color has-text-color\">Sin hardware adicional<\/p>\n\n\n\n<p class=\"has-x-small-font-size\">EVA aprovecha todo el potencial de la c\u00e1mara y el procesador de tu dispositivo.<\/p>\n<\/div>\n<\/div>\n<\/div>\n\n\n\n<div class=\"wp-block-columns is-layout-flex wp-container-core-columns-is-layout-28f84493 wp-block-columns-is-layout-flex\">\n<div class=\"wp-block-column is-layout-flow wp-block-column-is-layout-flow\">\n<div class=\"wp-block-group has-global-padding is-layout-constrained wp-container-core-group-is-layout-f5f3bcb8 wp-block-group-is-layout-constrained\">\n<p class=\"has-primary-color has-text-color\">Personalizaci\u00f3n<\/p>\n\n\n\n<p class=\"has-x-small-font-size\">La velocidad del puntero, la aceleraci\u00f3n y suavizado, el tiempo de detenci\u00f3n, y otras variables se pueden configurar para ajustarlas a tus necesidades.<\/p>\n<\/div>\n<\/div>\n\n\n\n<div class=\"wp-block-column is-layout-flow wp-block-column-is-layout-flow\">\n<div class=\"wp-block-group has-global-padding is-layout-constrained wp-container-core-group-is-layout-f5f3bcb8 wp-block-group-is-layout-constrained\">\n<p class=\"has-primary-color has-text-color\">Comandos de voz<\/p>\n\n\n\n<p class=\"has-x-small-font-size\">Usa tu voz para ejecutar directamente la mayor\u00eda de las acciones sin usar los men\u00fas.<\/p>\n<\/div>\n<\/div>\n<\/div>\n<\/div>\n<\/div>\n<\/div>\n\n\n\n<p><\/p>\n<\/div>\n\n\n\n<div class=\"wp-block-group alignfull has-base-color has-text-color has-global-padding is-layout-constrained wp-container-core-group-is-layout-9b4cc9ae wp-block-group-is-layout-constrained\" style=\"margin-top:0;margin-bottom:0;padding-top:var(--wp--preset--spacing--large);padding-right:var(--wp--preset--spacing--medium);padding-bottom:var(--wp--preset--spacing--large);padding-left:var(--wp--preset--spacing--medium)\">\n<div class=\"wp-block-group alignwide is-vertical is-content-justification-center is-layout-flex wp-container-core-group-is-layout-ce155fab wp-block-group-is-layout-flex\">\n<div class=\"wp-block-group has-global-padding is-layout-constrained wp-container-core-group-is-layout-f5f3bcb8 wp-block-group-is-layout-constrained\">\n<h2 class=\"wp-block-heading has-text-align-center has-main-color has-text-color\">Pru\u00e9balo gratis<\/h2>\n\n\n\n<p class=\"has-text-align-center\"><\/p>\n\n\n\n<figure class=\"wp-block-image aligncenter size-full\"><a href=\"https:\/\/play.google.com\/store\/apps\/details?id=com.crea_si.eva_facial_mouse\"><img decoding=\"async\" src=\"https:\/\/easeapps.xyz\/wp-content\/uploads\/sites\/2\/get_it_on_google_play.png\" alt=\"Get it on Google Play\" class=\"wp-image-376\"\/><\/a><\/figure>\n<\/div>\n<\/div>\n<\/div>\n\n\n\n<div class=\"wp-block-group alignfull feature-boxes has-tertiary-background-color has-background has-global-padding is-layout-constrained wp-container-core-group-is-layout-3458909d wp-block-group-is-layout-constrained\" style=\"margin-top:0px;padding-top:var(--wp--preset--spacing--xx-large);padding-right:var(--wp--preset--spacing--medium);padding-bottom:var(--wp--preset--spacing--xx-large);padding-left:var(--wp--preset--spacing--medium)\">\n<div class=\"wp-block-group is-layout-flow wp-container-core-group-is-layout-c7b3064f wp-block-group-is-layout-flow\">\n<h2 class=\"wp-block-heading has-text-align-center\">\u00bfC\u00f3mo funciona?<\/h2>\n\n\n\n<p class=\"has-text-align-center\">EVA est\u00e1 destinado a aquellas personas que no pueden usar una pantalla t\u00e1ctil. Por ejemplo, algunas personas con amputaciones, par\u00e1lisis cerebral, lesi\u00f3n medular, distrofia muscular, esclerosis m\u00faltiple, esclerosis lateral amiotr\u00f3fica (ELA) u otras discapacidades pueden beneficiarse de esta aplicaci\u00f3n.<\/p>\n<\/div>\n\n\n\n<div class=\"wp-block-group alignwide is-vertical is-layout-flex wp-container-core-group-is-layout-f20fd760 wp-block-group-is-layout-flex\" style=\"padding-right:0;padding-left:0\">\n<div class=\"wp-block-columns alignwide is-layout-flex wp-container-core-columns-is-layout-e998dcac wp-block-columns-is-layout-flex\" style=\"margin-top:0px;margin-bottom:0px;padding-right:var(--wp--preset--spacing--x-large);padding-left:var(--wp--preset--spacing--x-large)\">\n<div class=\"wp-block-column is-vertically-aligned-center is-layout-flow wp-block-column-is-layout-flow\">\n<div class=\"wp-block-group is-vertical is-layout-flex wp-container-core-group-is-layout-fe9cc265 wp-block-group-is-layout-flex\">\n<div class=\"wp-block-group is-nowrap is-layout-flex wp-container-core-group-is-layout-1b11d160 wp-block-group-is-layout-flex\">\n<figure class=\"wp-block-image size-full wp-duotone-blue\"><img decoding=\"async\" src=\"https:\/\/easeapps.xyz\/wp-content\/uploads\/sites\/2\/face-moving-on-camera__64x64.png\" alt=\"Face tracking\" class=\"wp-image-398\"\/><\/figure>\n\n\n\n<h3 class=\"wp-block-heading has-primary-color has-text-color\">Seguimiento facial<\/h3>\n<\/div>\n\n\n\n<p>La c\u00e1mara frontal de tu tel\u00e9fono inteligente o tableta detecta tu rostro y hace un seguimiento preciso del mismo. El movimiento de tu cabeza se usa para mover un puntero en la pantalla.<\/p>\n<\/div>\n\n\n\n<div class=\"wp-block-group is-vertical is-layout-flex wp-container-core-group-is-layout-fe9cc265 wp-block-group-is-layout-flex\">\n<div class=\"wp-block-group is-nowrap is-layout-flex wp-container-core-group-is-layout-1b11d160 wp-block-group-is-layout-flex\">\n<figure class=\"wp-block-image size-full wp-duotone-blue\"><img decoding=\"async\" src=\"https:\/\/easeapps.xyz\/wp-content\/uploads\/sites\/2\/dweling2.png\" alt=\"Dwell click\" class=\"wp-image-399\"\/><\/figure>\n\n\n\n<h3 class=\"wp-block-heading has-primary-color has-text-color\">Clic por espera<\/h3>\n<\/div>\n\n\n\n<p>Una vez que se detiene el puntero, comienza una cuenta atr\u00e1s y el clic se genera cuando el tiempo de espera expira.<\/p>\n<\/div>\n\n\n\n<div class=\"wp-block-group is-vertical is-layout-flex wp-container-core-group-is-layout-fe9cc265 wp-block-group-is-layout-flex\">\n<div class=\"wp-block-group is-nowrap is-layout-flex wp-container-core-group-is-layout-1b11d160 wp-block-group-is-layout-flex\">\n<figure class=\"wp-block-image size-full wp-duotone-blue\"><img decoding=\"async\" src=\"https:\/\/easeapps.xyz\/wp-content\/uploads\/sites\/2\/menu__64x64.png\" alt=\"Action menu\" class=\"wp-image-397\"\/><\/figure>\n\n\n\n<h3 class=\"wp-block-heading has-primary-color has-text-color\">Men\u00fa de acciones<\/h3>\n<\/div>\n\n\n\n<p>Un men\u00fa te permite elegir el gesto deseado u otra acci\u00f3n a realizar. Puedes ir atr\u00e1s o al inicio, abrir notificaciones, mostrar las aplicaciones en ejecuci\u00f3n, hacer zoom para acercar y alejar contenido, desplazar contenidos y realizar gestos de deslizamiento (swipe) o pellizco (pinch), por ejemplo.<\/p>\n<\/div>\n<\/div>\n<\/div>\n<\/div>\n<\/div>\n\n\n\n<div class=\"wp-block-group alignfull feature-boxes has-global-padding is-layout-constrained wp-container-core-group-is-layout-e4375c44 wp-block-group-is-layout-constrained\" style=\"margin-top:0px;padding-top:var(--wp--preset--spacing--xxx-large);padding-right:var(--wp--preset--spacing--medium);padding-bottom:var(--wp--preset--spacing--xxx-large);padding-left:var(--wp--preset--spacing--medium)\">\n<div class=\"wp-block-group is-layout-flow wp-container-core-group-is-layout-c7b3064f wp-block-group-is-layout-flow\">\n<h2 class=\"wp-block-heading has-text-align-center\">Capturas de pantalla<\/h2>\n<\/div>\n\n\n\n<div class=\"wp-block-group alignwide is-vertical is-layout-flex wp-container-core-group-is-layout-c5442126 wp-block-group-is-layout-flex\">\n<div class=\"wp-block-columns alignwide is-layout-flex wp-container-core-columns-is-layout-01e5a009 wp-block-columns-is-layout-flex\" style=\"margin-top:0px;margin-bottom:0px\">\n<div class=\"wp-block-column is-style-column-box-shadow has-border-color is-layout-flow wp-container-core-column-is-layout-739a585d wp-block-column-is-layout-flow\" style=\"border-color:#e3e3ea;border-width:1px;padding-top:var(--wp--preset--spacing--small);padding-right:var(--wp--preset--spacing--small);padding-bottom:var(--wp--preset--spacing--small);padding-left:var(--wp--preset--spacing--small)\">\n<figure class=\"wp-block-image aligncenter size-large is-style-default\"><img decoding=\"async\" src=\"https:\/\/easeapps.xyz\/wp-content\/uploads\/sites\/2\/sensitiviy-adjustment-with-face__1080x2160-512x1024.png\" alt=\"EVA PRO screenshot showing the sensitivity adjustment screen\" class=\"wp-image-441\"\/><\/figure>\n<\/div>\n\n\n\n<div class=\"wp-block-column is-style-column-box-shadow has-border-color is-layout-flow wp-container-core-column-is-layout-739a585d wp-block-column-is-layout-flow\" style=\"border-color:#e3e3ea;border-width:1px;padding-top:var(--wp--preset--spacing--small);padding-right:var(--wp--preset--spacing--small);padding-bottom:var(--wp--preset--spacing--small);padding-left:var(--wp--preset--spacing--small)\">\n<figure class=\"wp-block-image aligncenter size-large\"><img decoding=\"async\" src=\"https:\/\/easeapps.xyz\/wp-content\/uploads\/sites\/2\/screenshot_1583146000__1080x2160-512x1024.png\" alt=\"Action menu screen\" class=\"wp-image-442\"\/><\/figure>\n<\/div>\n\n\n\n<div class=\"wp-block-column is-style-column-box-shadow has-border-color is-layout-flow wp-container-core-column-is-layout-739a585d wp-block-column-is-layout-flow\" style=\"border-color:#e3e3ea;border-width:1px;padding-top:var(--wp--preset--spacing--small);padding-right:var(--wp--preset--spacing--small);padding-bottom:var(--wp--preset--spacing--small);padding-left:var(--wp--preset--spacing--small)\">\n<figure class=\"wp-block-image aligncenter size-large\"><img decoding=\"async\" src=\"https:\/\/easeapps.xyz\/wp-content\/uploads\/sites\/2\/screenshot_1583145932__1080x2160-512x1024.png\" alt=\"Screenshot depicting how to make a pinch gesture\" class=\"wp-image-444\"\/><\/figure>\n<\/div>\n\n\n\n<div class=\"wp-block-column is-style-column-box-shadow has-border-color is-layout-flow wp-container-core-column-is-layout-739a585d wp-block-column-is-layout-flow\" style=\"border-color:#e3e3ea;border-width:1px;padding-top:var(--wp--preset--spacing--small);padding-right:var(--wp--preset--spacing--small);padding-bottom:var(--wp--preset--spacing--small);padding-left:var(--wp--preset--spacing--small)\">\n<figure class=\"wp-block-image aligncenter size-large\"><img decoding=\"async\" src=\"https:\/\/easeapps.xyz\/wp-content\/uploads\/sites\/2\/screenshot_1583145721__1080x2160-512x1024.png\" alt=\"Screenshot depicting the prerequisites screen\" class=\"wp-image-445\"\/><\/figure>\n<\/div>\n<\/div>\n<\/div>\n<\/div>\n","protected":false},"excerpt":{"rendered":"<p>Controla tu m\u00f3vil sin manos, s\u00f3lo con los movimientos de tu cabeza EVA Facial Mouse PRO EVA hace un seguimiento continuo de los movimientos de tu rostro a trav\u00e9s de la c\u00e1mara frontal. Un puntero te permite controlar todas las acciones de tu dispositivo. Manos libres Usa tu tel\u00e9fono simplemente moviendo la cabeza, sin tocar [&hellip;]<\/p>\n","protected":false},"author":1,"featured_media":78,"parent":0,"menu_order":0,"comment_status":"closed","ping_status":"closed","template":"","meta":{"footnotes":""},"class_list":["post-172","page","type-page","status-publish","has-post-thumbnail","hentry"],"yoast_head":"<!-- This site is optimized with the Yoast SEO plugin v26.2 - https:\/\/yoast.com\/wordpress\/plugins\/seo\/ -->\n<title>EVA Facial Mouse PRO - Ease Apps<\/title>\n<meta name=\"description\" content=\"Controla tu smartphone con manos libres con s\u00f3lo mover la cara. EVA rastrea los movimientos de tu cara utilizando la c\u00e1mara para controlar un puntero de rat\u00f3n.\" \/>\n<meta name=\"robots\" content=\"index, follow, max-snippet:-1, max-image-preview:large, max-video-preview:-1\" \/>\n<link rel=\"canonical\" href=\"https:\/\/easeapps.xyz\/es\/eva\/\" \/>\n<meta property=\"og:locale\" content=\"es_ES\" \/>\n<meta property=\"og:type\" content=\"article\" \/>\n<meta property=\"og:title\" content=\"EVA Facial Mouse PRO - Ease Apps\" \/>\n<meta property=\"og:description\" content=\"Controla tu smartphone con manos libres con s\u00f3lo mover la cara. EVA rastrea los movimientos de tu cara utilizando la c\u00e1mara para controlar un puntero de rat\u00f3n.\" \/>\n<meta property=\"og:url\" content=\"https:\/\/easeapps.xyz\/es\/eva\/\" \/>\n<meta property=\"og:site_name\" content=\"Ease Apps\" \/>\n<meta property=\"article:modified_time\" content=\"2023-08-21T15:03:28+00:00\" \/>\n<meta property=\"og:image\" content=\"https:\/\/easeapps.xyz\/es\/wp-content\/uploads\/blog\/eva-facial-mouse-pro-feature-image.png\" \/>\n\t<meta property=\"og:image:width\" content=\"450\" \/>\n\t<meta property=\"og:image:height\" content=\"300\" \/>\n\t<meta property=\"og:image:type\" content=\"image\/png\" \/>\n<meta name=\"twitter:card\" content=\"summary_large_image\" \/>\n<meta name=\"twitter:label1\" content=\"Tiempo de lectura\" \/>\n\t<meta name=\"twitter:data1\" content=\"4 minutos\" \/>\n<script type=\"application\/ld+json\" class=\"yoast-schema-graph\">{\"@context\":\"https:\/\/schema.org\",\"@graph\":[{\"@type\":\"WebPage\",\"@id\":\"https:\/\/easeapps.xyz\/es\/eva\/\",\"url\":\"https:\/\/easeapps.xyz\/es\/eva\/\",\"name\":\"EVA Facial Mouse PRO - Ease Apps\",\"isPartOf\":{\"@id\":\"https:\/\/easeapps.xyz\/es\/#website\"},\"primaryImageOfPage\":{\"@id\":\"https:\/\/easeapps.xyz\/es\/eva\/#primaryimage\"},\"image\":{\"@id\":\"https:\/\/easeapps.xyz\/es\/eva\/#primaryimage\"},\"thumbnailUrl\":\"https:\/\/easeapps.xyz\/es\/wp-content\/uploads\/blog\/eva-facial-mouse-pro-feature-image.png\",\"datePublished\":\"2023-08-19T19:51:45+00:00\",\"dateModified\":\"2023-08-21T15:03:28+00:00\",\"description\":\"Controla tu smartphone con manos libres con s\u00f3lo mover la cara. EVA rastrea los movimientos de tu cara utilizando la c\u00e1mara para controlar un puntero de rat\u00f3n.\",\"breadcrumb\":{\"@id\":\"https:\/\/easeapps.xyz\/es\/eva\/#breadcrumb\"},\"inLanguage\":\"es\",\"potentialAction\":[{\"@type\":\"ReadAction\",\"target\":[\"https:\/\/easeapps.xyz\/es\/eva\/\"]}]},{\"@type\":\"ImageObject\",\"inLanguage\":\"es\",\"@id\":\"https:\/\/easeapps.xyz\/es\/eva\/#primaryimage\",\"url\":\"https:\/\/easeapps.xyz\/es\/wp-content\/uploads\/blog\/eva-facial-mouse-pro-feature-image.png\",\"contentUrl\":\"https:\/\/easeapps.xyz\/es\/wp-content\/uploads\/blog\/eva-facial-mouse-pro-feature-image.png\",\"width\":450,\"height\":300,\"caption\":\"eva facial mouse pro feature image\"},{\"@type\":\"BreadcrumbList\",\"@id\":\"https:\/\/easeapps.xyz\/es\/eva\/#breadcrumb\",\"itemListElement\":[{\"@type\":\"ListItem\",\"position\":1,\"name\":\"Portada\",\"item\":\"https:\/\/easeapps.xyz\/es\/\"},{\"@type\":\"ListItem\",\"position\":2,\"name\":\"EVA Facial Mouse PRO\"}]},{\"@type\":\"WebSite\",\"@id\":\"https:\/\/easeapps.xyz\/es\/#website\",\"url\":\"https:\/\/easeapps.xyz\/es\/\",\"name\":\"Ease Apps\",\"description\":\"Facilitamos la accesibilidad al m\u00f3vil\",\"potentialAction\":[{\"@type\":\"SearchAction\",\"target\":{\"@type\":\"EntryPoint\",\"urlTemplate\":\"https:\/\/easeapps.xyz\/es\/?s={search_term_string}\"},\"query-input\":{\"@type\":\"PropertyValueSpecification\",\"valueRequired\":true,\"valueName\":\"search_term_string\"}}],\"inLanguage\":\"es\"}]}<\/script>\n<!-- \/ Yoast SEO plugin. -->","yoast_head_json":{"title":"EVA Facial Mouse PRO - Ease Apps","description":"Controla tu smartphone con manos libres con s\u00f3lo mover la cara. EVA rastrea los movimientos de tu cara utilizando la c\u00e1mara para controlar un puntero de rat\u00f3n.","robots":{"index":"index","follow":"follow","max-snippet":"max-snippet:-1","max-image-preview":"max-image-preview:large","max-video-preview":"max-video-preview:-1"},"canonical":"https:\/\/easeapps.xyz\/es\/eva\/","og_locale":"es_ES","og_type":"article","og_title":"EVA Facial Mouse PRO - Ease Apps","og_description":"Controla tu smartphone con manos libres con s\u00f3lo mover la cara. EVA rastrea los movimientos de tu cara utilizando la c\u00e1mara para controlar un puntero de rat\u00f3n.","og_url":"https:\/\/easeapps.xyz\/es\/eva\/","og_site_name":"Ease Apps","article_modified_time":"2023-08-21T15:03:28+00:00","og_image":[{"width":450,"height":300,"url":"https:\/\/easeapps.xyz\/es\/wp-content\/uploads\/blog\/eva-facial-mouse-pro-feature-image.png","type":"image\/png"}],"twitter_card":"summary_large_image","twitter_misc":{"Tiempo de lectura":"4 minutos"},"schema":{"@context":"https:\/\/schema.org","@graph":[{"@type":"WebPage","@id":"https:\/\/easeapps.xyz\/es\/eva\/","url":"https:\/\/easeapps.xyz\/es\/eva\/","name":"EVA Facial Mouse PRO - Ease Apps","isPartOf":{"@id":"https:\/\/easeapps.xyz\/es\/#website"},"primaryImageOfPage":{"@id":"https:\/\/easeapps.xyz\/es\/eva\/#primaryimage"},"image":{"@id":"https:\/\/easeapps.xyz\/es\/eva\/#primaryimage"},"thumbnailUrl":"https:\/\/easeapps.xyz\/es\/wp-content\/uploads\/blog\/eva-facial-mouse-pro-feature-image.png","datePublished":"2023-08-19T19:51:45+00:00","dateModified":"2023-08-21T15:03:28+00:00","description":"Controla tu smartphone con manos libres con s\u00f3lo mover la cara. EVA rastrea los movimientos de tu cara utilizando la c\u00e1mara para controlar un puntero de rat\u00f3n.","breadcrumb":{"@id":"https:\/\/easeapps.xyz\/es\/eva\/#breadcrumb"},"inLanguage":"es","potentialAction":[{"@type":"ReadAction","target":["https:\/\/easeapps.xyz\/es\/eva\/"]}]},{"@type":"ImageObject","inLanguage":"es","@id":"https:\/\/easeapps.xyz\/es\/eva\/#primaryimage","url":"https:\/\/easeapps.xyz\/es\/wp-content\/uploads\/blog\/eva-facial-mouse-pro-feature-image.png","contentUrl":"https:\/\/easeapps.xyz\/es\/wp-content\/uploads\/blog\/eva-facial-mouse-pro-feature-image.png","width":450,"height":300,"caption":"eva facial mouse pro feature image"},{"@type":"BreadcrumbList","@id":"https:\/\/easeapps.xyz\/es\/eva\/#breadcrumb","itemListElement":[{"@type":"ListItem","position":1,"name":"Portada","item":"https:\/\/easeapps.xyz\/es\/"},{"@type":"ListItem","position":2,"name":"EVA Facial Mouse PRO"}]},{"@type":"WebSite","@id":"https:\/\/easeapps.xyz\/es\/#website","url":"https:\/\/easeapps.xyz\/es\/","name":"Ease Apps","description":"Facilitamos la accesibilidad al m\u00f3vil","potentialAction":[{"@type":"SearchAction","target":{"@type":"EntryPoint","urlTemplate":"https:\/\/easeapps.xyz\/es\/?s={search_term_string}"},"query-input":{"@type":"PropertyValueSpecification","valueRequired":true,"valueName":"search_term_string"}}],"inLanguage":"es"}]}},"_links":{"self":[{"href":"https:\/\/easeapps.xyz\/es\/wp-json\/wp\/v2\/pages\/172","targetHints":{"allow":["GET"]}}],"collection":[{"href":"https:\/\/easeapps.xyz\/es\/wp-json\/wp\/v2\/pages"}],"about":[{"href":"https:\/\/easeapps.xyz\/es\/wp-json\/wp\/v2\/types\/page"}],"author":[{"embeddable":true,"href":"https:\/\/easeapps.xyz\/es\/wp-json\/wp\/v2\/users\/1"}],"replies":[{"embeddable":true,"href":"https:\/\/easeapps.xyz\/es\/wp-json\/wp\/v2\/comments?post=172"}],"version-history":[{"count":2,"href":"https:\/\/easeapps.xyz\/es\/wp-json\/wp\/v2\/pages\/172\/revisions"}],"predecessor-version":[{"id":323,"href":"https:\/\/easeapps.xyz\/es\/wp-json\/wp\/v2\/pages\/172\/revisions\/323"}],"wp:featuredmedia":[{"embeddable":true,"href":"https:\/\/easeapps.xyz\/es\/wp-json\/wp\/v2\/media\/78"}],"wp:attachment":[{"href":"https:\/\/easeapps.xyz\/es\/wp-json\/wp\/v2\/media?parent=172"}],"curies":[{"name":"wp","href":"https:\/\/api.w.org\/{rel}","templated":true}]}}