{"id":178,"date":"2023-08-19T21:53:50","date_gmt":"2023-08-19T19:53:50","guid":{"rendered":"https:\/\/easeapps.xyz\/es\/?page_id=178"},"modified":"2023-08-20T20:54:18","modified_gmt":"2023-08-20T18:54:18","slug":"ease-touch-guia-usuario","status":"publish","type":"page","link":"https:\/\/easeapps.xyz\/es\/ease-touch-guia-usuario\/","title":{"rendered":"Gu\u00eda de Ease Touch"},"content":{"rendered":"\n<h1 class=\"wp-block-heading has-text-align-center\">Gu\u00eda de Ease Touch<\/h1>\n\n\n\n<h2 class=\"wp-block-heading\">Introducci\u00f3n<\/h2>\n\n\n\n<figure class=\"wp-block-embed is-type-video is-provider-youtube wp-block-embed-youtube\"><div class=\"wp-block-embed__wrapper\">\n<iframe loading=\"lazy\" title=\"1. Ease Touch. Introducci\u00f3n y primera ejecuci\u00f3n\" width=\"500\" height=\"281\" src=\"https:\/\/www.youtube.com\/embed\/4ISiHnCu_Ak?feature=oembed\" frameborder=\"0\" allow=\"accelerometer; autoplay; clipboard-write; encrypted-media; gyroscope; picture-in-picture; web-share\" referrerpolicy=\"strict-origin-when-cross-origin\" allowfullscreen><\/iframe>\n<\/div><\/figure>\n\n\n\n<p><a href=\"https:\/\/easeapps.xyz\/es\/ease-touch\/\">Ease Touch<\/a>\u00a0es una aplicaci\u00f3n para Android que te permite controlar todas las funciones de un dispositivo m\u00f3vil con un \u00fanico dedo, incluso cuando existen problemas de destreza manual, incluyendo temblores, espasticidad y otros problemas. Por lo tanto, Ease Touch puede ser \u00fatil para personas con una lesi\u00f3n cerebral traum\u00e1tica, par\u00e1lisis cerebral, esclerosis m\u00faltiple, Parkinson o temblores esenciales, por ejemplo.<\/p>\n\n\n\n<p>El principio de funcionamiento de Ease Touch se basa en la captura de todos los toques que realizas en la pantalla y en proporcionar un acceso t\u00e1ctil alternativo con m\u00faltiples opciones de personalizaci\u00f3n que elimina las acciones involuntarias, permitiendo realizar s\u00f3lo aquellas que t\u00fa confirmes.<\/p>\n\n\n\n<p>Te mostraremos, paso a paso, c\u00f3mo comenzar, c\u00f3mo configurar y c\u00f3mo sacar el m\u00e1ximo partido de Ease Touch.<\/p>\n\n\n\n<h3 class=\"wp-block-heading\" id=\"instalaci\u00f3n\">Instalaci\u00f3n<\/h3>\n\n\n\n<p>Puedes omitir esta secci\u00f3n si ya has instalado Ease Touch en tu dispositivo.<\/p>\n\n\n\n<p><strong>Requisitos previos<\/strong>: Ease Touch requiere Android 7.0 o superior.<\/p>\n\n\n\n<p>Para instalar Ease Touch:<\/p>\n\n\n\n<ol class=\"wp-block-list\">\n<li>Abre&nbsp;<strong>Play Store<\/strong><\/li>\n\n\n\n<li>Busca \u201c<strong>ease touch<\/strong>\u201d.<\/li>\n\n\n\n<li>Selecciona el resultado \u201c<strong>Ease Touch (tecnolog\u00eda de apoyo)<\/strong>\u201d (generalmente el primero).<\/li>\n\n\n\n<li>Toca el bot\u00f3n \u00ab<strong>Instalar<\/strong>\u201d<\/li>\n<\/ol>\n\n\n\n<h3 class=\"wp-block-heading\" id=\"iniciando-ease-touch-por-primera-vez\">Iniciando Ease Touch por primera vez<\/h3>\n\n\n\n<p>La primera vez que ejecutes Ease Touch te pedir\u00e1 que otorgues algunos permisos y que aceptes el Contrato de Licencia de Usuario Final (CLUF).<\/p>\n\n\n\n<ol class=\"wp-block-list\">\n<li>Toca el icono&nbsp;<strong>Ease Touch<\/strong>. Una vez iniciado, Ease Touch te pedir\u00e1 que des permiso para dibujar sobre otras aplicaciones. Esto es necesario para mostrar elementos tales como men\u00fas y botones sobre otras aplicaciones.<\/li>\n\n\n\n<li>Toca \u201c<strong>Continuar<\/strong>\u201d y, en la siguiente pantalla, habilita el interruptor \u201c<strong>Permitir mostrar sobre otras aplicaciones<\/strong>\u201d. Una vez hecho esto, si el dispositivo no regresa autom\u00e1ticamente a Ease Touch, simplemente presiona atr\u00e1s.<\/li>\n\n\n\n<li>Para continuar, rervisa los t\u00e9rminos y condiciones y pulsa \u00ab<strong>Aceptar<\/strong>\u00ab.<\/li>\n\n\n\n<li>Pulsa \u00ab<strong>Abrir ajustes de accesibilidad<\/strong>\u00bb en la pantalla de Ease Touch. Esto deber\u00eda abrir la p\u00e1gina de configuraci\u00f3n de accesibilidad de tu dispositivo. En caso de que esta p\u00e1gina no se abra autom\u00e1ticamente, navega manualmente hasta dicha pantalla.<\/li>\n\n\n\n<li>Busca el servicio&nbsp;<strong>\u201cEase Touch\u201d<\/strong>&nbsp;y haz un toque sobre \u00e9ste.<\/li>\n\n\n\n<li>Toca el&nbsp;<strong>interruptor<\/strong>&nbsp;para habilitar el servicio de accesibilidad Ease Touch.<\/li>\n\n\n\n<li>Por \u00faltimo, pulsa \u00ab<strong>Aceptar<\/strong>\u00bb en el di\u00e1logo de confirmaci\u00f3n.<\/li>\n<\/ol>\n\n\n\n<h2 class=\"wp-block-heading\" id=\"manejo-b\u00e1sico\">Manejo b\u00e1sico<\/h2>\n\n\n\n<figure class=\"wp-block-embed is-type-video is-provider-youtube wp-block-embed-youtube\"><div class=\"wp-block-embed__wrapper\">\n<iframe loading=\"lazy\" title=\"2. Ease Touch. Funcionamiento b\u00e1sico\" width=\"500\" height=\"281\" src=\"https:\/\/www.youtube.com\/embed\/chi4Nr263mY?feature=oembed\" frameborder=\"0\" allow=\"accelerometer; autoplay; clipboard-write; encrypted-media; gyroscope; picture-in-picture; web-share\" referrerpolicy=\"strict-origin-when-cross-origin\" allowfullscreen><\/iframe>\n<\/div><\/figure>\n\n\n\n<p>En esta secci\u00f3n nos familiarizaremos con el funcionamiento b\u00e1sico de Ease Touch. Recuerda que una vez Ease Touch est\u00e1 activado, todos los toques que realices sobre la pantalla son redirigidos Ease Touch que gestiona la interacci\u00f3n con el dispositivo.<\/p>\n\n\n\n<ol class=\"wp-block-list\">\n<li>Para abrir la pantalla principal de Ease Touch, toca el icono&nbsp;<strong>\u201cEase Touch\u201d<\/strong>&nbsp;en el men\u00fa de tu dispositivo.<\/li>\n\n\n\n<li>Para iniciar Ease Touch, toca el interruptor \u00ab<strong>Activar Ease Touch<\/strong>\u00ab.<\/li>\n\n\n\n<li><strong>Toca en cualquier parte de la pantalla y desliza el dedo<\/strong>. Ver\u00e1s una cruz roja siguiendo tu dedo. Observa c\u00f3mo, mientras sigues moviendo el dedo por la pantalla, no se ejecuta ninguna acci\u00f3n.<\/li>\n\n\n\n<li>A modo de prueba,&nbsp;<strong>det\u00e9n el dedo<\/strong>&nbsp;sobre el interruptor \u201cActivar Ease Touch\u201d y espera hasta que desaparezca la cruz roja y notes una ligera vibraci\u00f3n. Luego levanta el dedo y el clic se ejecutar\u00e1 autom\u00e1ticamente.<\/li>\n<\/ol>\n\n\n\n<p>Mientras Ease Touch est\u00e1 activado puedes&nbsp;<strong>minimizarlo<\/strong>&nbsp;para devolver a tu dispositivo a su funcionamiento normal. Un bot\u00f3n en la esquina inferior izquierda te permite volver a activar Ease Touch.<\/p>\n\n\n\n<ol class=\"wp-block-list\">\n<li>Mientras Ease Touch est\u00e1 activado,&nbsp;<strong>toca la pantalla con cuatro dedos<\/strong>&nbsp;a la vez o en&nbsp;<strong>dos esquinas opuestas de la pantalla<\/strong>&nbsp;a la vez . Ease Touch se minimiza en forma en forma de bot\u00f3n en la esquina inferior izquierda. NOTA: no todos los dispositivos soportan m\u00e1s de dos toques simult\u00e1neos.<\/li>\n\n\n\n<li>Utiliza tu dispositivo de manera normal.<\/li>\n\n\n\n<li>Cuando necesites restaurar Ease Touch, haz clic en el&nbsp;<strong>bot\u00f3n de minimizar<\/strong>.<\/li>\n<\/ol>\n\n\n\n<p>Mientras uses Ease Touch, en algunas pantallas ver\u00e1s que aparecen unos botones en las esquinas con una flecha en su interior. Estos son los&nbsp;<strong>botones de desplazamiento<\/strong>&nbsp;(<em>scroll<\/em>) y se utilizan para desplazar el contenido de una aplicaci\u00f3n (por ejemplo, para desplazar el contenido de una p\u00e1gina web). Sin embargo, estos botones no siempre est\u00e1n disponibles y su comportamiento depende de cada aplicaci\u00f3n (el desplazamiento puede ser en direcci\u00f3n vertical o horizontal seg\u00fan la aplicaci\u00f3n). Para salvar estas limitaciones, Ease Touch proporciona un mecanismo alternativo de desplazamiento que veremos m\u00e1s adelante.<\/p>\n\n\n\n<h2 class=\"wp-block-heading\" id=\"configuraci\u00f3n-b\u00e1sica\">Configuraci\u00f3n b\u00e1sica<\/h2>\n\n\n\n<figure class=\"wp-block-embed is-type-video is-provider-youtube wp-block-embed-youtube\"><div class=\"wp-block-embed__wrapper\">\n<iframe loading=\"lazy\" title=\"3. Ease Touch. Configuraci\u00f3n b\u00e1sica\" width=\"500\" height=\"281\" src=\"https:\/\/www.youtube.com\/embed\/42ln-GY47kY?feature=oembed\" frameborder=\"0\" allow=\"accelerometer; autoplay; clipboard-write; encrypted-media; gyroscope; picture-in-picture; web-share\" referrerpolicy=\"strict-origin-when-cross-origin\" allowfullscreen><\/iframe>\n<\/div><\/figure>\n\n\n\n<p>Como hemos visto en la secci\u00f3n anterior, Ease Touch procesa tus toques y permite moverte por la pantalla y tocarla sin realizar ninguna acci\u00f3n hasta que confirmas. Ease Touch ofrece&nbsp;<strong>tres modos de funcionamiento<\/strong>&nbsp;para ello:<\/p>\n\n\n\n<ul class=\"wp-block-list\">\n<li><strong>Mantener para aceptar<\/strong>. Para hacer clic, mant\u00e9n el dedo pulsando la pantalla y sin moverte hasta que la cuenta atr\u00e1s expire (la duraci\u00f3n se puede configurar) y notes una ligera vibraci\u00f3n. Entonces, levanta el dedo y el clic se generar\u00e1 de forma autom\u00e1tica. \u00c9ste es el modo&nbsp;<strong>predeterminado<\/strong>&nbsp;(visto en la secci\u00f3n anterior) y el apropiado para la mayor\u00eda de usuarios.<\/li>\n\n\n\n<li><strong>Aceptar al soltar.<\/strong>&nbsp;En este modo el clic se ejecuta justo despu\u00e9s de que levantes el dedo de la pantalla. Una vez se ha realizado el clic, la pantalla se vuelve gris y los toques adicionales que realices se ignoran durante unos instantes (el tiempo es configurable). Es similar al modo \u201c<em>Mantener para aceptar\u201d<\/em>&nbsp;pero sin cuenta atr\u00e1s. Al no existir una cuenta atr\u00e1s inicial, este modo es generalmente m\u00e1s&nbsp;<strong>r\u00e1pido<\/strong>&nbsp;que los otros dos.<\/li>\n\n\n\n<li><strong>Aceptar por tiempo<\/strong>. En este modo al levantar el dedo de la pantalla, se inicia una cuenta atr\u00e1s sobre la \u00faltima posici\u00f3n que hayas tocado. Al terminar la cuenta atr\u00e1s, el clic se realiza de manera autom\u00e1tica. Para cancelar una cuenta atr\u00e1s en curso basta con tocar de nuevo la pantalla.<\/li>\n<\/ul>\n\n\n\n<p>Para cambiar el modo de entrada:<\/p>\n\n\n\n<ol class=\"wp-block-list\">\n<li>Toca en el bot\u00f3n \u201c<strong>Ajustes<\/strong>\u201c de la pantalla principal de Ease Touch.<\/li>\n\n\n\n<li>Toca en \u201c<strong>Modo<\/strong>\u201d<\/li>\n\n\n\n<li>Toca el modo de operaci\u00f3n deseado en el cuadro de di\u00e1logo<\/li>\n<\/ol>\n\n\n\n<p>Te sugerimos probar cada uno de los modos y elegir aquel que mejor se adapte a tus necesidades.<\/p>\n\n\n\n<h2 class=\"wp-block-heading\">Men\u00fa y gestos<\/h2>\n\n\n\n<figure class=\"wp-block-embed is-type-video is-provider-youtube wp-block-embed-youtube\"><div class=\"wp-block-embed__wrapper\">\n<iframe loading=\"lazy\" title=\"4. Ease Touch. Men\u00fa de acciones y gestos\" width=\"500\" height=\"281\" src=\"https:\/\/www.youtube.com\/embed\/BGpk-8VlGtQ?feature=oembed\" frameborder=\"0\" allow=\"accelerometer; autoplay; clipboard-write; encrypted-media; gyroscope; picture-in-picture; web-share\" referrerpolicy=\"strict-origin-when-cross-origin\" allowfullscreen><\/iframe>\n<\/div><\/figure>\n\n\n\n<h3 class=\"wp-block-heading\" id=\"men\u00fa-de-acciones-h2\">Men\u00fa de Acciones<\/h3>\n\n\n\n<p>Este men\u00fa proporciona acceso a m\u00faltiples funciones. Para abrir el Men\u00fa de Acciones, haz clic en el&nbsp;<strong>bot\u00f3n en la esquina inferior izquierda<\/strong>&nbsp;de la pantalla. Las opciones disponibles en este men\u00fa son:<\/p>\n\n\n\n<ul class=\"wp-block-list\">\n<li><strong>Atr\u00e1s<\/strong>. Vuelve atr\u00e1s. Lo mismo que presionando el bot\u00f3n de atr\u00e1s del sistema.<\/li>\n\n\n\n<li><strong>Inicio.<\/strong>&nbsp;Va a la pantalla de inicio. Lo mismo que presionando el bot\u00f3n inicio del sistema.<\/li>\n\n\n\n<li><strong>Vistazo<\/strong>. Muestra las aplicaciones abiertas actualmente. Lo mismo que presionando el bot\u00f3n de vista general o de recientes del sistema.<\/li>\n\n\n\n<li><strong>Desplazamiento<\/strong>. Selecciona el modo de desplazamiento. Ver m\u00e1s adelante.<\/li>\n\n\n\n<li><strong>Ampliar<\/strong>. Permite ampliar el contenido de una aplicaci\u00f3n.<\/li>\n\n\n\n<li><strong>Reducir<\/strong>. Permite reducir (alejar) el contenido de una aplicaci\u00f3n.<\/li>\n\n\n\n<li><strong>Deslizar<\/strong>. Seleccione el modo de deslizar. Ver m\u00e1s adelante.<\/li>\n\n\n\n<li><strong>Pulsaci\u00f3n larga<\/strong>. Selecciona el modo de pulsaci\u00f3n larga. Una vez en este modo, el siguiente clic realizar\u00e1 un gesto de pulsaci\u00f3n larga. Las pulsaciones largas pueden revelar modos y caracter\u00edsticas adicionales. Por ejemplo, cuando realizas una pulsaci\u00f3n larga en el fondo de la pantalla de inicio para configurar la imagen de fondo.<\/li>\n\n\n\n<li><strong>Minimizar<\/strong>. Minimiza Ease Touch como se ha descrito antes.<\/li>\n\n\n\n<li><strong>Notificaciones<\/strong>. Abre la barra de app o barra de acciones que muestra las notificaciones pendientes y otras opciones.<\/li>\n\n\n\n<li><strong>Posici\u00f3n del bot\u00f3n<\/strong>. Cambia la posici\u00f3n del bot\u00f3n que abre el Men\u00fa de Acciones.<\/li>\n\n\n\n<li><strong>Doble toque<\/strong>. Selecciona el modo de doble toques. Una vez en este modo, el siguiente clic realizar\u00e1 un doble toque. Los toques dobles se utilizan para ampliar y reducir el contenido de otras aplicaciones.<\/li>\n<\/ul>\n\n\n\n<h3 class=\"wp-block-heading\" id=\"gestos-de-desplazamiento-scroll-y-deslizamiento-swipe\">Gestos de desplazamiento (<em>scroll<\/em>) y deslizamiento (<em>swipe<\/em>)<\/h3>\n\n\n\n<p>Los gestos de&nbsp;<strong>desplazamiento<\/strong>&nbsp;o de scroll se utilizan para moverse de forma cont\u00ednua a trav\u00e9s del contenido, por ejemplo, para desplazar el contenido de una lista, un \u00e1lbum de fotos, una p\u00e1gina web o un mapa.<\/p>\n\n\n\n<p>Los gestos de&nbsp;<strong>deslizamiento<\/strong>&nbsp;o swipe se utilizan para deslizar elementos. Son parecidos a los gestos de desplazamiento, pero mucho m\u00e1s r\u00e1pidos. Se usan, por ejemplo, para descartar una notificaci\u00f3n, desbloquear tu tel\u00e9fono o pasar a la pantalla siguiente.<\/p>\n\n\n\n<p>Para desplazar contenidos:<\/p>\n\n\n\n<ol class=\"wp-block-list\">\n<li>Abre el&nbsp;<strong>Men\u00fa de Acciones<\/strong><\/li>\n\n\n\n<li>Haz clic en el bot\u00f3n \u201c<strong>Desplazamiento<\/strong>\u201c para seleccionar el modo de desplazamiento. Ver\u00e1s un icono en el centro de la pantalla.<\/li>\n\n\n\n<li>Para desplazar contenido,&nbsp;<strong>haz clic en una direcci\u00f3n<\/strong>&nbsp;alrededor del icono de desplazamiento.<\/li>\n\n\n\n<li>Para salir de este modo, haz clic en el&nbsp;<strong>bot\u00f3n de cerrar<\/strong>&nbsp;de la parte superior de la pantalla.<\/li>\n<\/ol>\n\n\n\n<p>Para realizar un gesto de deslizamiento:<\/p>\n\n\n\n<ol class=\"wp-block-list\">\n<li>Abre el&nbsp;<strong>Men\u00fa de Acciones<\/strong><\/li>\n\n\n\n<li>Haz clic en el bot\u00f3n \u201c<strong>Deslizar<\/strong>\u201c para seleccionar el modo de deslizamiento.<\/li>\n\n\n\n<li><strong>Haz clic<\/strong>&nbsp;en la ubicaci\u00f3n de la pantalla donde&nbsp;<strong>empezar\u00e1<\/strong>&nbsp;el gesto.<\/li>\n\n\n\n<li><strong>Haz clic<\/strong>&nbsp;en la ubicaci\u00f3n de la pantalla donde&nbsp;<strong>terminar\u00e1<\/strong>&nbsp;el gesto.<\/li>\n<\/ol>\n\n\n\n<h2 class=\"wp-block-heading\" id=\"opciones-de-configuraci\u00f3n\">Opciones de configuraci\u00f3n<\/h2>\n\n\n\n<figure class=\"wp-block-embed is-type-video is-provider-youtube wp-block-embed-youtube\"><div class=\"wp-block-embed__wrapper\">\n<iframe loading=\"lazy\" title=\"5. Ease Touch. Opciones de configuraci\u00f3n\" width=\"500\" height=\"281\" src=\"https:\/\/www.youtube.com\/embed\/UwgSpMsCLTo?feature=oembed\" frameborder=\"0\" allow=\"accelerometer; autoplay; clipboard-write; encrypted-media; gyroscope; picture-in-picture; web-share\" referrerpolicy=\"strict-origin-when-cross-origin\" allowfullscreen><\/iframe>\n<\/div><\/figure>\n\n\n\n<p>Para abrir la pantalla de configuraci\u00f3n, toca el bot\u00f3n \u201c<strong>Ajustes<\/strong>\u201d de la pantalla principal de Ease Touch. Las opciones disponibles son:<\/p>\n\n\n\n<ul class=\"wp-block-list\">\n<li><strong>Modo<\/strong>. Selecci\u00f3n de modo. Ver m\u00e1s arriba.<\/li>\n\n\n\n<li><strong>Tiempo de espera.<\/strong>&nbsp;Cuando se usa el modo \u201c<em>Aceptar por tiempo\u201d<\/em>&nbsp;o \u201c<em>Mantener para aceptar\u201d<\/em>, esta configuraci\u00f3n permite establecer la&nbsp;<strong>duraci\u00f3n<\/strong>, en d\u00e9cimas de segundo, de la cuenta atr\u00e1s.<\/li>\n\n\n\n<li><strong>Tiempo de espera despu\u00e9s de hacer clic<\/strong>. Cuando se utiliza el modo \u201c<em>Aceptar al soltar\u201d<\/em>, esta configuraci\u00f3n ajusta el tiempo que transcurre entre que levantas el dedo de la pantalla y Ease Touch vuelve a aceptar toques de nuevo.&nbsp;Esto es \u00fatil para eliminar toques repetitivos tras levantar el dedo.<\/li>\n\n\n\n<li><strong>Activar vibraci\u00f3n<\/strong>. S\u00f3lo para el modo \u201c<em>Mantener para aceptar\u201d<\/em>&nbsp;. Cuando est\u00e1 marcado, el dispositivo vibrar\u00e1 brevemente una vez finalizada la cuenta atr\u00e1s.<\/li>\n\n\n\n<li><strong>Tocar con 4 dedos para minimizar<\/strong>. En algunas situaciones, no obstante, quiz\u00e1s quieras deshabilitar esta opci\u00f3n. Por ejemplo, si necesitas apoyar la mano en la pantalla cuando usas tu dispositivo.&nbsp;<strong>NOTA:<\/strong>&nbsp;ten en cuenta que siempre podr\u00e1s minimizar Ease Touch tocando simult\u00e1neamente en dos esquinas opuestas de la pantalla.<\/li>\n\n\n\n<li><strong>Activar los botones de desplazamiento<\/strong>. Si est\u00e1 marcada, los botones de desplazamiento mencionados m\u00e1s arriba est\u00e1n disponibles.<\/li>\n\n\n\n<li><strong>Simplifica los botones de desplazamiento<\/strong>. Algunas aplicaciones pueden tener un dise\u00f1o complejo con m\u00faltiples \u00e1reas desplazables que dar\u00eda lugar a m\u00faltiples botones de desplazamiento en la pantalla. Esto se ha visto que resulta confuso para algunos usuarios. Cuando esta opci\u00f3n est\u00e1 marcada, Ease Touch limita la cantidad de botones a un m\u00e1ximo de dos y trata heur\u00edsticamente de elegir aquellos que resulten m\u00e1s naturales para el usuario.<\/li>\n\n\n\n<li><strong>Reproducir sonido clic<\/strong>. Si est\u00e1 marcada, se reproducir\u00e1 un sonido breve cada vez que hagas clic.<\/li>\n\n\n\n<li><strong>Ocultar barras<\/strong>. Cuando est\u00e9 marcado, oculte las barras rojas.<\/li>\n\n\n\n<li><strong>Tama\u00f1o de los elementos de la interfaz<\/strong>. Establece el tama\u00f1o de varios elementos de la interfaz de usuario.<\/li>\n\n\n\n<li><strong>Tipo de men\u00fa<\/strong>. Permite elegir qu\u00e9 tipo de Men\u00fa de Acciones debe usar Ease Touch.\n<ul class=\"wp-block-list\">\n<li><strong>Ninguno.<\/strong>&nbsp;No se muestra ning\u00fan men\u00fa.<\/li>\n\n\n\n<li><strong>Grande.<\/strong>&nbsp;Este es el valor predeterminado.<\/li>\n\n\n\n<li><strong>Acoplado.<\/strong>&nbsp;En este caso, se presenta un men\u00fa siempre visible acoplado a uno de los lados de la pantalla. Este tipo de men\u00fa est\u00e1 dirigido a usuarios m\u00e1s avanzados.<\/li>\n<\/ul>\n<\/li>\n\n\n\n<li><strong>Posici\u00f3n (acoplado)<\/strong>. Permite elegir en qu\u00e9 lado de la pantalla se mostrar\u00e1 el men\u00fa acoplado.<\/li>\n\n\n\n<li><strong>Acciones disponibles<\/strong>. En esta pantalla puedes personalizar qu\u00e9 acciones est\u00e1n disponibles a trav\u00e9s del Men\u00fa de Acciones. Aparte de las que ya hemos visto antes, hay otras adicionales que puedes elegir:\n<ul class=\"wp-block-list\">\n<li><strong>Pellizcar<\/strong>. Esta acci\u00f3n te permite crear manualmente un gesto de pellizco. Los gestos de pellizco se utilizan generalmente para ampliar y reducir contenidos.<\/li>\n\n\n\n<li><strong>Desplazar hacia la izquierda \/ abajo \/ arriba \/ derecha<\/strong>. Realiza un gesto de desplazamiento hacia una direcci\u00f3n espec\u00edfica.<\/li>\n\n\n\n<li><strong>Desliza a la izquierda \/ abajo \/ arriba \/ derecha<\/strong>. Realiza un gesto de deslizar hacia una direcci\u00f3n espec\u00edfica.<\/li>\n<\/ul>\n<\/li>\n\n\n\n<li><strong>Posici\u00f3n del Bot\u00f3n Minimizado<\/strong>. Establece la posici\u00f3n en la pantalla en la que se muestra el bot\u00f3n de minimizar.<\/li>\n<\/ul>\n","protected":false},"excerpt":{"rendered":"<p>Gu\u00eda de Ease Touch Introducci\u00f3n Ease Touch\u00a0es una aplicaci\u00f3n para Android que te permite controlar todas las funciones de un dispositivo m\u00f3vil con un \u00fanico dedo, incluso cuando existen problemas de destreza manual, incluyendo temblores, espasticidad y otros problemas. Por lo tanto, Ease Touch puede ser \u00fatil para personas con una lesi\u00f3n cerebral traum\u00e1tica, par\u00e1lisis [&hellip;]<\/p>\n","protected":false},"author":1,"featured_media":0,"parent":0,"menu_order":0,"comment_status":"closed","ping_status":"closed","template":"","meta":{"footnotes":""},"class_list":["post-178","page","type-page","status-publish","hentry"],"yoast_head":"<!-- This site is optimized with the Yoast SEO plugin v26.2 - https:\/\/yoast.com\/wordpress\/plugins\/seo\/ -->\n<title>Gu\u00eda de Ease Touch - Ease Apps<\/title>\n<meta name=\"robots\" content=\"index, follow, max-snippet:-1, max-image-preview:large, max-video-preview:-1\" \/>\n<link rel=\"canonical\" href=\"https:\/\/easeapps.xyz\/es\/ease-touch-guia-usuario\/\" \/>\n<meta property=\"og:locale\" content=\"es_ES\" \/>\n<meta property=\"og:type\" content=\"article\" \/>\n<meta property=\"og:title\" content=\"Gu\u00eda de Ease Touch - Ease Apps\" \/>\n<meta property=\"og:description\" content=\"Gu\u00eda de Ease Touch Introducci\u00f3n Ease Touch\u00a0es una aplicaci\u00f3n para Android que te permite controlar todas las funciones de un dispositivo m\u00f3vil con un \u00fanico dedo, incluso cuando existen problemas de destreza manual, incluyendo temblores, espasticidad y otros problemas. Por lo tanto, Ease Touch puede ser \u00fatil para personas con una lesi\u00f3n cerebral traum\u00e1tica, par\u00e1lisis [&hellip;]\" \/>\n<meta property=\"og:url\" content=\"https:\/\/easeapps.xyz\/es\/ease-touch-guia-usuario\/\" \/>\n<meta property=\"og:site_name\" content=\"Ease Apps\" \/>\n<meta property=\"article:modified_time\" content=\"2023-08-20T18:54:18+00:00\" \/>\n<meta name=\"twitter:card\" content=\"summary_large_image\" \/>\n<meta name=\"twitter:label1\" content=\"Tiempo de lectura\" \/>\n\t<meta name=\"twitter:data1\" content=\"9 minutos\" \/>\n<script type=\"application\/ld+json\" class=\"yoast-schema-graph\">{\"@context\":\"https:\/\/schema.org\",\"@graph\":[{\"@type\":\"WebPage\",\"@id\":\"https:\/\/easeapps.xyz\/es\/ease-touch-guia-usuario\/\",\"url\":\"https:\/\/easeapps.xyz\/es\/ease-touch-guia-usuario\/\",\"name\":\"Gu\u00eda de Ease Touch - Ease Apps\",\"isPartOf\":{\"@id\":\"https:\/\/easeapps.xyz\/es\/#website\"},\"datePublished\":\"2023-08-19T19:53:50+00:00\",\"dateModified\":\"2023-08-20T18:54:18+00:00\",\"breadcrumb\":{\"@id\":\"https:\/\/easeapps.xyz\/es\/ease-touch-guia-usuario\/#breadcrumb\"},\"inLanguage\":\"es\",\"potentialAction\":[{\"@type\":\"ReadAction\",\"target\":[\"https:\/\/easeapps.xyz\/es\/ease-touch-guia-usuario\/\"]}]},{\"@type\":\"BreadcrumbList\",\"@id\":\"https:\/\/easeapps.xyz\/es\/ease-touch-guia-usuario\/#breadcrumb\",\"itemListElement\":[{\"@type\":\"ListItem\",\"position\":1,\"name\":\"Portada\",\"item\":\"https:\/\/easeapps.xyz\/es\/\"},{\"@type\":\"ListItem\",\"position\":2,\"name\":\"Gu\u00eda de Ease Touch\"}]},{\"@type\":\"WebSite\",\"@id\":\"https:\/\/easeapps.xyz\/es\/#website\",\"url\":\"https:\/\/easeapps.xyz\/es\/\",\"name\":\"Ease Apps\",\"description\":\"Facilitamos la accesibilidad al m\u00f3vil\",\"potentialAction\":[{\"@type\":\"SearchAction\",\"target\":{\"@type\":\"EntryPoint\",\"urlTemplate\":\"https:\/\/easeapps.xyz\/es\/?s={search_term_string}\"},\"query-input\":{\"@type\":\"PropertyValueSpecification\",\"valueRequired\":true,\"valueName\":\"search_term_string\"}}],\"inLanguage\":\"es\"}]}<\/script>\n<!-- \/ Yoast SEO plugin. -->","yoast_head_json":{"title":"Gu\u00eda de Ease Touch - Ease Apps","robots":{"index":"index","follow":"follow","max-snippet":"max-snippet:-1","max-image-preview":"max-image-preview:large","max-video-preview":"max-video-preview:-1"},"canonical":"https:\/\/easeapps.xyz\/es\/ease-touch-guia-usuario\/","og_locale":"es_ES","og_type":"article","og_title":"Gu\u00eda de Ease Touch - Ease Apps","og_description":"Gu\u00eda de Ease Touch Introducci\u00f3n Ease Touch\u00a0es una aplicaci\u00f3n para Android que te permite controlar todas las funciones de un dispositivo m\u00f3vil con un \u00fanico dedo, incluso cuando existen problemas de destreza manual, incluyendo temblores, espasticidad y otros problemas. Por lo tanto, Ease Touch puede ser \u00fatil para personas con una lesi\u00f3n cerebral traum\u00e1tica, par\u00e1lisis [&hellip;]","og_url":"https:\/\/easeapps.xyz\/es\/ease-touch-guia-usuario\/","og_site_name":"Ease Apps","article_modified_time":"2023-08-20T18:54:18+00:00","twitter_card":"summary_large_image","twitter_misc":{"Tiempo de lectura":"9 minutos"},"schema":{"@context":"https:\/\/schema.org","@graph":[{"@type":"WebPage","@id":"https:\/\/easeapps.xyz\/es\/ease-touch-guia-usuario\/","url":"https:\/\/easeapps.xyz\/es\/ease-touch-guia-usuario\/","name":"Gu\u00eda de Ease Touch - Ease Apps","isPartOf":{"@id":"https:\/\/easeapps.xyz\/es\/#website"},"datePublished":"2023-08-19T19:53:50+00:00","dateModified":"2023-08-20T18:54:18+00:00","breadcrumb":{"@id":"https:\/\/easeapps.xyz\/es\/ease-touch-guia-usuario\/#breadcrumb"},"inLanguage":"es","potentialAction":[{"@type":"ReadAction","target":["https:\/\/easeapps.xyz\/es\/ease-touch-guia-usuario\/"]}]},{"@type":"BreadcrumbList","@id":"https:\/\/easeapps.xyz\/es\/ease-touch-guia-usuario\/#breadcrumb","itemListElement":[{"@type":"ListItem","position":1,"name":"Portada","item":"https:\/\/easeapps.xyz\/es\/"},{"@type":"ListItem","position":2,"name":"Gu\u00eda de Ease Touch"}]},{"@type":"WebSite","@id":"https:\/\/easeapps.xyz\/es\/#website","url":"https:\/\/easeapps.xyz\/es\/","name":"Ease Apps","description":"Facilitamos la accesibilidad al m\u00f3vil","potentialAction":[{"@type":"SearchAction","target":{"@type":"EntryPoint","urlTemplate":"https:\/\/easeapps.xyz\/es\/?s={search_term_string}"},"query-input":{"@type":"PropertyValueSpecification","valueRequired":true,"valueName":"search_term_string"}}],"inLanguage":"es"}]}},"_links":{"self":[{"href":"https:\/\/easeapps.xyz\/es\/wp-json\/wp\/v2\/pages\/178","targetHints":{"allow":["GET"]}}],"collection":[{"href":"https:\/\/easeapps.xyz\/es\/wp-json\/wp\/v2\/pages"}],"about":[{"href":"https:\/\/easeapps.xyz\/es\/wp-json\/wp\/v2\/types\/page"}],"author":[{"embeddable":true,"href":"https:\/\/easeapps.xyz\/es\/wp-json\/wp\/v2\/users\/1"}],"replies":[{"embeddable":true,"href":"https:\/\/easeapps.xyz\/es\/wp-json\/wp\/v2\/comments?post=178"}],"version-history":[{"count":6,"href":"https:\/\/easeapps.xyz\/es\/wp-json\/wp\/v2\/pages\/178\/revisions"}],"predecessor-version":[{"id":351,"href":"https:\/\/easeapps.xyz\/es\/wp-json\/wp\/v2\/pages\/178\/revisions\/351"}],"wp:attachment":[{"href":"https:\/\/easeapps.xyz\/es\/wp-json\/wp\/v2\/media?parent=178"}],"curies":[{"name":"wp","href":"https:\/\/api.w.org\/{rel}","templated":true}]}}